{"id":13,"date":"2023-09-06T10:30:22","date_gmt":"2023-09-06T08:30:22","guid":{"rendered":"http:\/\/themalbechouse:82\/?page_id=13"},"modified":"2023-11-08T13:34:10","modified_gmt":"2023-11-08T12:34:10","slug":"reembolso_devoluciones","status":"publish","type":"page","link":"https:\/\/themalbechouse.com\/ca\/reembolso_devoluciones\/","title":{"rendered":"Pol\u00edtica de devolucions i reemborsament"},"content":{"rendered":"<h3>Pol\u00edtica de Devolucions<\/h3>\n<p>En cas que la vostra comanda arrib\u00e9s, amb alguna ampolla trencada a causa d&#039;una mala manipulaci\u00f3 en el transport, li preguem que rebutgi el seu lliurament i ho faci constar a l&#039;albar\u00e0, que l&#039;ag\u00e8ncia de transport us lliurar\u00e0 per a la vostra signatura i en conservi la c\u00f2pia al poder. Immediatament procedirem a enviar-li una nova comanda.<\/p>\n<p>Per a qualsevol tipus de consulta, no dubteu a posar-vos en contacte amb nosaltres, a la nostra adre\u00e7a de correu electr\u00f2nic, <a href=\"mailto:administracion@themalbechouse.com\">administracion@themalbechouse.com<\/a> on estarem encantats d&#039;atendre&#039;l.<\/p>\n<p>Sobre les anyades indicades, us volem informar que es poden produir canvis, ja que els cellers esgoten les exist\u00e8ncies, i en molts casos els canvis d&#039;anyada es produeixen autom\u00e0ticament, quan es passen les comandes a aquestes.<\/p>\n<p>Les anyades indicades s\u00f3n a t\u00edtol informatiu, si voleu una anyada en especial, poseu-vos en contacte amb nosaltres, per indicar-li la disponibilitat de la mateixa.<\/p>","protected":false},"excerpt":{"rendered":"<p>Pol\u00edtica de Devoluciones En el caso de que su pedido llegara, con alguna botella rota&#8230;<\/p>","protected":false},"author":1,"featured_media":0,"parent":0,"menu_order":0,"comment_status":"closed","ping_status":"closed","template":"templates\/page-content.php","meta":{"_acf_changed":false,"footnotes":""},"class_list":["post-13","page","type-page","status-publish","hentry"],"acf":[],"_links":{"self":[{"href":"https:\/\/themalbechouse.com\/ca\/wp-json\/wp\/v2\/pages\/13","targetHints":{"allow":["GET"]}}],"collection":[{"href":"https:\/\/themalbechouse.com\/ca\/wp-json\/wp\/v2\/pages"}],"about":[{"href":"https:\/\/themalbechouse.com\/ca\/wp-json\/wp\/v2\/types\/page"}],"author":[{"embeddable":true,"href":"https:\/\/themalbechouse.com\/ca\/wp-json\/wp\/v2\/users\/1"}],"replies":[{"embeddable":true,"href":"https:\/\/themalbechouse.com\/ca\/wp-json\/wp\/v2\/comments?post=13"}],"version-history":[{"count":4,"href":"https:\/\/themalbechouse.com\/ca\/wp-json\/wp\/v2\/pages\/13\/revisions"}],"predecessor-version":[{"id":771,"href":"https:\/\/themalbechouse.com\/ca\/wp-json\/wp\/v2\/pages\/13\/revisions\/771"}],"wp:attachment":[{"href":"https:\/\/themalbechouse.com\/ca\/wp-json\/wp\/v2\/media?parent=13"}],"curies":[{"name":"wp","href":"https:\/\/api.w.org\/{rel}","templated":true}]}}