{"id":3,"date":"2023-07-18T08:10:43","date_gmt":"2023-07-18T06:10:43","guid":{"rendered":"http:\/\/themalbechouse:82\/?page_id=3"},"modified":"2024-02-07T23:57:50","modified_gmt":"2024-02-07T22:57:50","slug":"politica-privacidad","status":"publish","type":"page","link":"https:\/\/themalbechouse.com\/ca\/politica-privacidad\/","title":{"rendered":"Pol\u00edtica de privadesa"},"content":{"rendered":"<p><strong>THE MALBEC HOUSE, SL<\/strong>. (d&#039;ara endavant, \u201cTHE MALBEC HOUSE\u201d) com a titular de la p\u00e0gina web <strong>www.themalbechouse.com<\/strong> \u00e9s conscient del valor de la vostra informaci\u00f3 personal, per la qual cosa es preocupa i esfor\u00e7a constantment per protegir la privadesa dels seus usuaris. Aquest document s&#039;ha elaborat de conformitat amb l&#039;art. 13 del Reglament de la UE 2016\/679 (d&#039;ara endavant, el \u00abRGPD\u00bb) per tal de permetre con\u00e8ixer la nostra pol\u00edtica de privadesa, comprendre com es tracta la seva informaci\u00f3 personal quan navega al nostre Portal i, si escau, donar el seu consentiment per al tractament de les seves dades personals de forma expressa i informada. La informaci\u00f3 i les dades que us faciliteu seran tractades de conformitat amb les disposicions del RGPD i les obligacions de confidencialitat que inspiren l&#039;activitat de THE MALBEC HOUSE.<\/p>\n<p>D&#039;acord amb les normes del RGPD, el tractament efectuat per THE MALBEC HOUSE es basar\u00e0 en els principis de legalitat, equitat, transpar\u00e8ncia, limitaci\u00f3 de la finalitat del tractament, minimitzaci\u00f3 de les dades, exactitud, integritat i confidencialitat.<\/p>\n<h3>\u00cdndex<\/h3>\n<ol>\n<li><a href=\"#responsable\">Responsable del tractament<\/a><\/li>\n<li><a href=\"#datos-personales\">Dades personals objecte de tractament<\/a>\n<ul>\n<li><a href=\"#datos-navegacion\">Dades de navegaci\u00f3<\/a><\/li>\n<li><a href=\"#datos-facilitados\">Dades facilitades volunt\u00e0riament per l&#039;interessat<\/a><\/li>\n<li><a href=\"#cookies\">Cookies<\/a><\/li>\n<\/ul>\n<\/li>\n<li><a href=\"#finalidad-tratamiento\">Finalitat del tractament<\/a><\/li>\n<li><a href=\"#base-legal\">Base legal i car\u00e0cter obligatori o facultatiu del tractament<\/a><\/li>\n<li><a href=\"#destinatorios\">Destinataris de les dades personals<\/a><\/li>\n<li><a href=\"#conservacion\">Conservaci\u00f3 de dades personals<\/a><\/li>\n<li><a href=\"#derechos\">Drets de linteressat<\/a><\/li>\n<li><a href=\"#modificaciones\">Modificacions<\/a><\/li>\n<\/ol>\n<h5 id=\"responsable\">1. Responsable del tractament<\/h5>\n<p>El responsable del tractament de les seves dades \u00e9s THE MALBEC HOUSE, SL amb CIF B10653186, domicili social al carrer Val\u00e8ncia, 176, pis principal porta primera \u2013 08011 (Barcelona) i adre\u00e7a de correu electr\u00f2nic de contacte hola@themalbechouse.com i administracion@themalbechouse.com.<\/p>\n<h5 id=\"datos-personales\">2. Dades personals objecte de tractament<\/h5>\n<p>Us informem que THE MALBEC HOUSE tractar\u00e0 \u00fanicament les dades personals que siguin estrictament necess\u00e0ries per a la correcta navegaci\u00f3 pel Portal i per a les finalitats descrites al seg\u00fcent punt 3 \u201cFinalitats del tractament\u201d (en endavant, \u00abDades Personals\u00bb).<\/p>\n<p>Les Dades Personals tractades a trav\u00e9s del Portal s\u00f3n les seg\u00fcents:<\/p>\n<h6 id=\"datos-navegacion\">a. Dades de navegaci\u00f3<\/h6>\n<p>Els sistemes inform\u00e0tics i els procediments de programari utilitzats per al funcionament del Portal adquireixen, durant el seu funcionament normal, algunes dades personals la transmissi\u00f3 de les quals est\u00e0 impl\u00edcita en els protocols de comunicaci\u00f3 d&#039;Internet. <\/p>\n<p>Aquesta informaci\u00f3 no es recull per ser associada a usuaris identificats. Tot i aix\u00f2, per la seva pr\u00f2pia naturalesa podria, a trav\u00e9s del tractament i associaci\u00f3 amb dades en poder de tercers, permetre la identificaci\u00f3 d&#039;aquests usuaris. <\/p>\n<p>Aquesta categoria de dades inclou les adreces IP o els noms de domini dels ordinadors utilitzats pels usuaris que es connecten als Portals, l&#039;URI (Uniform Resource Identifier) dels recursos sol\u00b7licitats, l&#039;hora de la sol\u00b7licitud, el m\u00e8tode utilitzat per enviar la sol\u00b7licitud al servidor, la mida de l&#039;arxiu obtingut en resposta, el codi num\u00e8ric que indica l&#039;estat de la resposta del servidor (correcte, error, error). inform\u00e0tic. <\/p>\n<p>Aquestes dades s&#039;utilitzen amb l&#039;\u00fanica finalitat d&#039;obtenir informaci\u00f3 estad\u00edstica an\u00f2nima sobre l&#039;\u00fas del Portal i per comprovar-ne el funcionament correcte, per identificar anomalies i\/o abusos, i s&#039;eliminen immediatament despr\u00e9s del tractament. Les dades podrien ser utilitzades per determinar la responsabilitat en cas d&#039;hipot\u00e8tics delictes inform\u00e0tics contra el Portal o contra tercers.<\/p>\n<h6 id=\"datos-facilitados\">b. Dades facilitades volunt\u00e0riament per l&#039;interessat<\/h6>\n<p>Si sou usuari registrat (\u201cSocio\u201d), se us requeriran: nom i cognoms, email, adre\u00e7a postal, tel\u00e8fon, dades de facturaci\u00f3, data de naixement, g\u00e8nere. En cas de socis que sigui persona jur\u00eddica es requeriran la seva denominaci\u00f3 social, adre\u00e7a postal, dades de facturaci\u00f3, nom i cognoms, e-mail, tel\u00e8fon del representant.<\/p>\n<p>Si vost\u00e8 \u00e9s (potencial) prove\u00efdor (\u201cProve\u00efdor\u201d), se li requeriran: la seva denominaci\u00f3 social, adre\u00e7a postal, dades de facturaci\u00f3, nom i cognoms, email, tel\u00e8fon del representant.<\/p>\n<p>Quan vost\u00e8 utilitza o adquireix certs productes a la p\u00e0gina web, podem processar Dades Personals de tercers que envieu a THE MALBEC HOUSE. Pel que fa a aquests casos, vost\u00e8 \u00e9s el propietari independent del tractament, assumint totes les obligacions i responsabilitats de la llei. En aquest sentit, atorga la indemnitzaci\u00f3 m\u00e9s \u00e0mplia possible respecte de qualsevol controv\u00e8rsia, reclamaci\u00f3, sol\u00b7licitud d&#039;indemnitzaci\u00f3 per danys i perjudicis derivats del tractament, etc. que pugui arribar a THE MALBEC HOUSE per part de tercers les Dades Personals dels quals hagin estat tractats a trav\u00e9s de les funcionalitats del Portal en violaci\u00f3 de la normativa aplicable en mat\u00e8ria de protecci\u00f3 de dades personals. En qualsevol cas, si proporciona o tracta d&#039;una altra manera les Dades Personals de tercers en l&#039;\u00fas dels Portals, vost\u00e8 garanteix en aquest moment \u2013 assumint tota la responsabilitat relacionada \u2013 que aquest cas particular de tractament es basa en una base legal apropiada de conformitat amb l&#039;art. 6 del RGPD que legitima el tractament de la informaci\u00f3 en q\u00fcesti\u00f3.<\/p>\n<h6 id=\"cookies\">c. Cookies<\/h6>\n<p>El Portal utilitza cookies anal\u00edtiques de tercers per oferir serveis que s&#039;ajustin a les prefer\u00e8ncies que heu expressat en navegar per la xarxa. Podeu trobar informaci\u00f3 concreta sobre aquest apartat accedint a l&#039;enlla\u00e7 <a href=\"https:\/\/themalbechouse.com\/ca\/politica-de-cookies\/\" target=\"_blank\" rel=\"noopener\">Pol\u00edtica de cookies<\/a>.<\/p>\n<h5 id=\"finalidad-tratamiento\">3. Finalitats del tractament<\/h5>\n<p>El tractament que pretenem dur a terme, amb el seu consentiment expr\u00e9s quan sigui necessari, t\u00e9 les finalitats seg\u00fcents:<\/p>\n<ul>\n<li>Usuari visitant dels Portals: An\u00e0lisi d&#039;usabilitat i de qualitat per a la millora dels nostres serveis<\/li>\n<li>Soci:\n<ul>\n<li>Gesti\u00f3 comercial, comptable i administrativa de clients.<\/li>\n<li>Prestaci\u00f3 dels serveis sol\u00b7licitats pel soci.<\/li>\n<li>Acc\u00e9s a l&#039;\u00e0rea de socis de la web de THE MALBEC HOUSE.<\/li>\n<li>Recollida i publicaci\u00f3 de valoracions sobre productes.<\/li>\n<li>Respondre les sol\u00b7licituds d&#039;assist\u00e8ncia o informaci\u00f3 i reclamacions potencials.<\/li>\n<li>Enviament de comunicacions comercials sobre productes i serveis de THE MALBEC HOUSE, inclosa la revista, en cas d&#039;haver-ho consentit expressament.<\/li>\n<li>Elaboraci\u00f3 de perfils comercials mitjan\u00e7ant tractaments automatitzats per tal de desenvolupar accions comercials sobre els productes de THE MALBEC HOUSE, sobre la base de l&#039;hist\u00f2ric de compres.<\/li>\n<\/ul>\n<\/li>\n<li>Tots els anteriors: Complir les obligacions legals, comptables i fiscals que corresponen a THE MALBEC HOUSE.<\/li>\n<\/ul>\n<h5 id=\"base-legal\">4. Base legal i car\u00e0cter obligatori o facultatiu del tractament<\/h5>\n<table>\n<thead>\n<tr>\n<td>Finalitat<\/td>\n<td>Legitimaci\u00f3<\/td>\n<\/tr>\n<\/thead>\n<tbody>\n<tr>\n<td>An\u00e0lisi d&#039;usabilitat i qualitat per a la millora dels nostres serveis.<\/td>\n<td>El compliment de la relaci\u00f3 contractual (en particular, de les condicions d&#039;\u00fas) (art. 6.1 b) del RGPD).<\/td>\n<\/tr>\n<tr>\n<td>Gesti\u00f3 comercial, comptable i administrativa de clients.<br \/>\nPrestaci\u00f3 dels serveis sol\u00b7licitats pel soci.<br \/>\nAcc\u00e9s a l&#039;\u00e0rea de socis de la web de THE MALBEC HOUSE.<br \/>\nRecollida i publicaci\u00f3 de valoracions sobre productes.<br \/>\nRespondre les sol\u00b7licituds dassist\u00e8ncia o informaci\u00f3.<\/td>\n<td>El tractament \u00e9s necessari per al manteniment de la relaci\u00f3 contractual o per respondre a les sol\u00b7licituds de la persona interessada (art. 6. 1 b) del RGPD).<\/td>\n<\/tr>\n<tr>\n<td>Enviament de comunicacions comercials sobre productes i serveis de THE MALBEC HOUSE, inclosa la revista.<br \/>\nElaboraci\u00f3 de perfils comercials mitjan\u00e7ant tractaments automatitzats per tal de desenvolupar accions comercials sobre els productes de THE MALBEC HOUSE, sobre la base de l&#039;hist\u00f2ric de compres.<\/td>\n<td>El consentiment que ens hagi atorgat.<br \/>\nL&#039;inter\u00e8s leg\u00edtim de THE MALBEC HOUSE (art. 6. 1 f) de l&#039;RGPD).<\/td>\n<\/tr>\n<tr>\n<td>Avaluar candidatura a vacant de feina.<br \/>\nConcertar entrevistes.<\/td>\n<td>El tractament \u00e9s necessari per atendre les sol\u00b7licituds de la persona interessada (art. 6. 1 b) del RGPD).<\/td>\n<\/tr>\n<tr>\n<td>Complir les obligacions legals, comptables i fiscals que corresponen a THE MALBEC HOUSE.<\/td>\n<td>La normativa aplicable a cada cas (art. 6. 1 c) del RGPD).<\/td>\n<\/tr>\n<\/tbody>\n<\/table>\n<h5 id=\"#destinatorios\">5. Destinataris de les dades personals<\/h5>\n<p>Les seves Dades Personals podran ser compartides, per als fins establerts a la secci\u00f3 3 anterior, amb:<\/p>\n<ul>\n<li>subjectes que actuen t\u00edpicament com a encarregats de tractament de dades, \u00e9s a dir: i) persones, companyies o firmes professionals que brinden assist\u00e8ncia i assessoria a THE MALBEC HOUSE en assumptes comptables, administratius, legals, tributaris, financers i de cobrament de cr\u00e8dits; ii) subjectes amb els quals cal interactuar per a la prestaci\u00f3 dels serveis (per exemple, prove\u00efdors de hosting, empresa d&#039;enviament de comandes); iii) subjectes delegats per dur a terme activitats de manteniment t\u00e8cnic (incloent-hi el manteniment d&#039;equips de xarxa i xarxes de comunicaci\u00f3 electr\u00f2nica) (d&#039;ara endavant, conjuntament, els \u00abDestinataris\u00bb);<\/li>\n<li>persones, entitats o autoritats a les quals \u00e9s obligatori comunicar les dades personals, en virtut de disposicions legals o ordres de les autoritats;<\/li>\n<\/ul>\n<p>Algunes de les vostres Dades Personals es comparteixen amb Destinataris que poden estar ubicats fora de l&#039;Espai Econ\u00f2mic Europeu. Pel que fa a aix\u00f2, THE MALBEC HOUSE garanteix que el tractament de les seves Dades Personals per part d&#039;aquests Destinataris es duu a terme de conformitat amb el RGPD. De fet, les transfer\u00e8ncies es poden basar en una decisi\u00f3 d&#039;adequaci\u00f3, en cl\u00e0usules contractuals aprovades per la Comissi\u00f3 Europea o en un altre fonament jur\u00eddic apropiat.<\/p>\n<p>Podeu obtenir m\u00e9s informaci\u00f3 contactant directament amb nosaltres (veure dades de contacte indicades al par\u00e0graf 7. Drets dels interessats).<\/p>\n<h5 id=\"conservacion\">6. Conservaci\u00f3 de dades<\/h5>\n<p>THE MALBEC HOUSE nom\u00e9s emmagatzema la seva informaci\u00f3 personal en la mesura que la necessitem per tal de poder utilitzar-la segons les finalitats per a la qual van ser recollides, i segons la base jur\u00eddica del tractament de la mateixa de conformitat amb la llei aplicable. La vostra informaci\u00f3 personal es mantindr\u00e0 mentre hi hagi una relaci\u00f3 contractual i\/o comercial o mentre no exerceixi el vostre dret de supressi\u00f3, cancel\u00b7laci\u00f3 i\/o limitaci\u00f3 del tractament de les vostres dades.<\/p>\n<p>Un cop hagi finalitzat la relaci\u00f3 amb vost\u00e8 per algun dels motius assenyalats, la informaci\u00f3 es conservar\u00e0 degudament bloquejada, sense donar-ne cap \u00fas, mentre pugui ser necess\u00e0ria per a l&#039;exercici o defensa de reclamacions o pugui derivar-se algun tipus de responsabilitat judicial, legal o contractual del seu tractament, que hagi de ser atesa i per aix\u00f2 sigui necess\u00e0ria la seva recuperaci\u00f3.<\/p>\n<h5 id=\"derechos\">7. Drets dels interessats<\/h5>\n<p>En qualsevol moment, podreu exercir els drets d&#039;acc\u00e9s, rectificaci\u00f3, supressi\u00f3, limitaci\u00f3, cancel\u00b7laci\u00f3, portabilitat i oposici\u00f3 respecte a les vostres dades personals mitjan\u00e7ant comunicaci\u00f3 amb THE MALBEC HOUSE les dades de contacte de les quals indiquem a continuaci\u00f3:<br \/>\nDomicili social: Carrer Val\u00e8ncia 176 P-1. Barcelona, Espanya. (08011).<br \/>\nAdre\u00e7a de correu electr\u00f2nic: administracion@themalbechouse.com<\/p>\n<p>Aix\u00ed mateix, es pot contactar amb el nostre Delegat de Protecci\u00f3 de Dades (\u201cDPD\u201d) al correu electr\u00f2nic seg\u00fcent: administracion@themalbechouse.com<\/p>\n<p>Aquesta comunicaci\u00f3 haur\u00e0 d&#039;incloure nom i cognoms, petici\u00f3 en qu\u00e8 es concreta la sol\u00b7licitud, adre\u00e7a a efectes de notificacions, data, signatura i fotoc\u00f2pia del DNI o altre document v\u00e0lid que ho identifiqui.<\/p>\n<p>En cas que tingueu qualsevol conflicte en relaci\u00f3 amb la protecci\u00f3 de les vostres dades personals, podreu presentar una reclamaci\u00f3 davant l&#039;AEPD (<a href=\"http:\/\/www.aepd.es\" target=\"_blank\" rel=\"noopener\">www.aepd.es<\/a>).<\/p>\n<h5 id=\"modificaciones\">8. Modificacions<\/h5>\n<p>THE MALBEC HOUSE es reserva el dret a modificar o simplement actualitzar el contingut, en part o \u00edntegrament, tamb\u00e9 a causa de canvis en la legislaci\u00f3 aplicable. En conseq\u00fc\u00e8ncia, us convidem a visitar regularment aquesta secci\u00f3 per con\u00e8ixer la darrera i m\u00e9s actualitzada versi\u00f3 de la pol\u00edtica de privadesa per tal d&#039;estar sempre actualitzat sobre les dades recollides i l&#039;\u00fas que fa THE MALBEC HOUSE.<\/p>\n<p>En qualsevol cas, quan es produeixin canvis significatius, es comunicar\u00e0 a l&#039;usuari mitjan\u00e7ant un av\u00eds als Portals per oferir la possibilitat de revisar els canvis abans que es facin efectius.<\/p>\n<h5>M\u00e9s informaci\u00f3 sobre el tractament de les teves dades<\/h5>\n<p>\u00c9s possible que a trav\u00e9s del Portal es permeti la redirecci\u00f3 o l&#039;acc\u00e9s per part dels usuaris a p\u00e0gines web de tercers (prove\u00efdors de serveis o distribu\u00efdors, entre d&#039;altres). En qualsevol cas, si opta per abandonar el Portal a trav\u00e9s d&#039;enlla\u00e7os a llocs web no pertanyents a la nostra entitat, ni el Portal ni els seus representants legals es fan responsables ni del contingut ni de la veracitat de les pol\u00edtiques de privadesa que puguin tenir aquests tercers, ni de les cookies que aquests puguin emmagatzemar a l&#039;ordinador de l&#039;usuari.<\/p>\n<p><strong>Darrera actualitzaci\u00f3: 5 de febrer de 2024. <\/strong><\/p>","protected":false},"excerpt":{"rendered":"<p>THE MALBEC HOUSE, S.L. (en adelante, \u201cTHE MALBEC HOUSE\u201d) como titular de la p\u00e1gina web&#8230;<\/p>","protected":false},"author":1,"featured_media":0,"parent":0,"menu_order":0,"comment_status":"closed","ping_status":"open","template":"templates\/page-content.php","meta":{"_acf_changed":false,"footnotes":""},"class_list":["post-3","page","type-page","status-publish","hentry"],"acf":[],"_links":{"self":[{"href":"https:\/\/themalbechouse.com\/ca\/wp-json\/wp\/v2\/pages\/3","targetHints":{"allow":["GET"]}}],"collection":[{"href":"https:\/\/themalbechouse.com\/ca\/wp-json\/wp\/v2\/pages"}],"about":[{"href":"https:\/\/themalbechouse.com\/ca\/wp-json\/wp\/v2\/types\/page"}],"author":[{"embeddable":true,"href":"https:\/\/themalbechouse.com\/ca\/wp-json\/wp\/v2\/users\/1"}],"replies":[{"embeddable":true,"href":"https:\/\/themalbechouse.com\/ca\/wp-json\/wp\/v2\/comments?post=3"}],"version-history":[{"count":17,"href":"https:\/\/themalbechouse.com\/ca\/wp-json\/wp\/v2\/pages\/3\/revisions"}],"predecessor-version":[{"id":1610,"href":"https:\/\/themalbechouse.com\/ca\/wp-json\/wp\/v2\/pages\/3\/revisions\/1610"}],"wp:attachment":[{"href":"https:\/\/themalbechouse.com\/ca\/wp-json\/wp\/v2\/media?parent=3"}],"curies":[{"name":"wp","href":"https:\/\/api.w.org\/{rel}","templated":true}]}}