{"id":822,"date":"2023-11-20T11:24:16","date_gmt":"2023-11-20T10:24:16","guid":{"rendered":"https:\/\/themalbechouse.com\/?page_id=822"},"modified":"2024-02-07T23:46:55","modified_gmt":"2024-02-07T22:46:55","slug":"politica-de-cookies","status":"publish","type":"page","link":"https:\/\/themalbechouse.com\/ca\/politica-de-cookies\/","title":{"rendered":"Pol\u00edtica de cookies"},"content":{"rendered":"<p>The Malbec House, SL, (\u201cTHE MALBEC HOUSE\u201d), amb CIF B10653186, domicili social al carrer Val\u00e8ncia, 176, P-1, 08011, Barcelona, Espanya, i adre\u00e7a de correu electr\u00f2nic administracion@themalbechouse.com, pel seu propi compte o la d&#039;un tercer contractat per a la prestaci\u00f3 de serveis d&#039;an\u00e0lisi, publicitat www.themalbechouse.com i els seus subdominis (d&#039;ara endavant, el Lloc Web).<br \/>\nAquesta pol\u00edtica de cookies (d&#039;ara endavant, la \u201cPol\u00edtica\u201d) detalla quines cookies tant pr\u00f2pies com de tercers fem servir i amb quines finalitats les utilitzem, permetent als usuaris (d&#039;ara endavant, els \u201cUsuaris\u201d o individualment denominats, \u201cl&#039;Usuari\u201d) la seva activaci\u00f3, configuraci\u00f3 o, si escau, la seva desactivaci\u00f3 (si b\u00e9 algunes cookies s\u00f3n necess\u00e0ries perqu\u00e8 el nostre Lloc Web).<br \/>\nUna galeta \u00e9s un fitxer que es descarrega a l&#039;ordinador de l&#039;Usuari en accedir a determinats llocs web, permetent-los, entre altres coses, emmagatzemar i recuperar informaci\u00f3 sobre els h\u00e0bits de navegaci\u00f3 de l&#039;Usuari o del seu equip i, depenent de la informaci\u00f3 que continguin i de la manera com utilitzi el seu equip, es poden utilitzar per recon\u00e8ixer un Usuari.<\/p>\n<h3>\u00bf Quines galetes utilitzem i amb quines finalitats les utilitzem?<\/h3>\n<p>THE MALBEC HOUSE utilitza cookies i altres tecnologies similars al seu servei online per permetre un \u00fas adequat del servei i per fer-lo m\u00e9s c\u00f2mode per a l&#039;usuari. A m\u00e9s, les cookies s&#039;utilitzen amb finalitats d&#039;an\u00e0lisi, seguiment i desenvolupament del servei, aix\u00ed com per produir i enviar publicitat adaptada als seus interessos.<br \/>\nEn particular, les galetes utilitzades per aquest Lloc Web, aix\u00ed com la seva finalitat es descriuen a continuaci\u00f3:<\/p>\n<ul>\n<li><strong>Galetes t\u00e8cniques o de navegaci\u00f3<\/strong>: S\u00f3n aquelles que, tractades per THE MALBEC HOUSE, permeten a l&#039;Usuari iniciar sessi\u00f3 perqu\u00e8 pugui navegar pel Lloc Web sense haver d&#039;introduir les vostres dades cont\u00ednuament i ens permeten prestar el servei sol\u00b7licitat per l&#039;Usuari, aix\u00ed com una experi\u00e8ncia de navegaci\u00f3 personalitzada.<\/li>\n<li><strong>Galetes persistents d&#039;an\u00e0lisi<\/strong> (Google\/Universal Analytics, Google Adwords, Splio etc.): S\u00f3n aquelles que, tractades per tercers, ens permeten quantificar el nombre d&#039;usuaris, analitzar-ne el comportament de navegaci\u00f3 i realitzar l&#039;an\u00e0lisi estad\u00edstica de la utilitzaci\u00f3 que fan els usuaris dels nostres serveis. Per aix\u00f2 s&#039;analitza la vostra navegaci\u00f3 al nostre Lloc Web per tal de millorar l&#039;experi\u00e8ncia de navegaci\u00f3 i els serveis que oferim. Les dades obtingudes mitjan\u00e7ant aquest tipus de cookies romandran emmagatzemades al terminal de l&#039;Usuari podent ser tractades a cada acc\u00e9s d&#039;aquest al Lloc Web fins que es produeixi la caducitat de les cookies o el mateix Usuari les elimini.<\/li>\n<li><strong>Galetes persistents de publicitat comportamental<\/strong> (Adgravity, Adsalsa, Anteveni, Bing, Cactus Road, Criteu, Facebook, Google Ads, Guia de Premsa, iBrands, Inka M\u00e0rqueting, Leads Global, Outbrain, Premier Leads, Prisa, Public Idees, Smart4ads, Taboola, Tradedoubler, Twitter, Unitat Editor. aquelles que, tractades per tercers, ens permeten gestionar i mesurar l&#039;efic\u00e0cia de la publicitat de tercers cap al nostre Lloc Web aix\u00ed com facilitar informaci\u00f3 dels h\u00e0bits de navegaci\u00f3 de l&#039;Usuari al nostre Lloc Web a la xarxa publicit\u00e0ria per tal de mostrar publicitat conforme a la seva navegaci\u00f3, permetent la creaci\u00f3 d&#039;un perfil espec\u00edfic.<\/li>\n<li><strong>Galetes persistents d&#039;interacci\u00f3<\/strong> (Zendesk\/Zopim): S\u00f3n aquelles que, tractades tercers, ens permeten interactuar amb els nostres usuaris de forma personalitzada i instant\u00e0nia via un formulari de contacte i un servei de xat.<\/li>\n<\/ul>\n<p>En relaci\u00f3 amb les galetes de tercers, us suggerim que consulteu la vostra p\u00e0gina web per obtenir informaci\u00f3 addicional sobre aquestes galetes. Ni aquest Lloc Web ni els seus representants legals es fan responsables ni del contingut ni de la veracitat de les pol\u00edtiques de privadesa que puguin tenir aquests tercers en els seus respectius llocs web.<\/p>\n<p>At\u00e8s que els servidors d&#039;alguns dels tercers assenyalats poden trobar-se fora de l&#039;Espai Econ\u00f2mic Europeu, les vostres dades podran ser transferides a aquests servidors localitzats a tercers pa\u00efsos. Aix\u00f2 no obstant, en aquest sentit THE MALBEC HOUSE garanteix que ha pres les mesures i salvaguardes apropiades (inclosa la subscripci\u00f3 de cl\u00e0usules contractuals tipus, quan sigui necessari) per garantir un nivell de protecci\u00f3 de les teves dades equivalent a l&#039;existent a l&#039;empara del Reglament General de Protecci\u00f3 de Dades a la Uni\u00f3 Europea.<\/p>\n<h3>Com puc gestionar i configurar les galetes?<\/h3>\n<p>L&#039;Usuari pot gestionar les galetes del vostre navegador a trav\u00e9s de la configuraci\u00f3 del vostre navegador. Per obtenir m\u00e9s informaci\u00f3 sobre la gesti\u00f3 de cookies, visiteu els seg\u00fcents enlla\u00e7os. Aquests enlla\u00e7os portaran a llocs web de tercers i THE MALBEC HOUSE no ser\u00e0 responsable del contingut.<\/p>\n<ul>\n<li>Chrome: <a href=\"https:\/\/support.google.com\/chrome\/answer\/95647\" target=\"_blank\" rel=\"noopener\">https:\/\/support.google.com\/chrome\/answer\/95647<\/a><\/li>\n<li>Firefox: <a href=\"https:\/\/support.mozilla.org\/es\/kb\/Borrar%20cookies\" target=\"_blank\" rel=\"noopener\">https:\/\/support.mozilla.org\/es\/kb\/Borrar%20cookies<\/a><\/li>\n<li>\u00d2pera: <a href=\"https:\/\/www.opera.com\/help\/tutorials\/security\/cookies\/\" target=\"_blank\" rel=\"noopener\">https:\/\/www.opera.com\/help\/tutorials\/security\/cookies\/<\/a><\/li>\n<li>Internet Explorer: <a href=\"https:\/\/support.microsoft.com\/en-us\/help\/17442\/windows-internet-explorer...\" target=\"_blank\" rel=\"noopener\">https:\/\/support.microsoft.com\/en-us\/help\/17442\/windows-internet-explorer&#8230;<\/a><\/li>\n<li>Safari: <a href=\"https:\/\/support.apple.com\/kb\/PH5042?locale=en_US\" target=\"_blank\" rel=\"noopener\">https:\/\/support.apple.com\/kb\/PH5042?locale=en_US<\/a><\/li>\n<li>Vora: <a href=\"https:\/\/privacy.microsoft.com\/en-us\/windows-10-microsoft-edge-and-privacy\" target=\"_blank\" rel=\"noopener\">https:\/\/privacy.microsoft.com\/en-us\/windows-10-microsoft-edge-and-privacy<\/a><\/li>\n<\/ul>\n<p>En tot cas, els navegadors web s\u00f3n les eines encarregades d&#039;emmagatzemar les cookies i des d&#039;aquest lloc els usuaris han d&#039;exercitar el seu dret a eliminar-los o desactivar-los. Ni aquest Lloc Web ni els seus representants legals poden garantir la correcta o incorrecta manipulaci\u00f3 de les cookies per part dels navegadors. En alguns casos, cal instal\u00b7lar galetes perqu\u00e8 el navegador no oblidi la seva decisi\u00f3 de no acceptar-les.<\/p>","protected":false},"excerpt":{"rendered":"<p>The Malbec House, S.L., (\u201cTHE MALBEC HOUSE\u201d), con C.I.F. B10653186, domicilio social en calle Valencia,&#8230;<\/p>","protected":false},"author":1,"featured_media":0,"parent":0,"menu_order":0,"comment_status":"closed","ping_status":"closed","template":"templates\/page-content.php","meta":{"_acf_changed":false,"footnotes":""},"class_list":["post-822","page","type-page","status-publish","hentry"],"acf":[],"_links":{"self":[{"href":"https:\/\/themalbechouse.com\/ca\/wp-json\/wp\/v2\/pages\/822","targetHints":{"allow":["GET"]}}],"collection":[{"href":"https:\/\/themalbechouse.com\/ca\/wp-json\/wp\/v2\/pages"}],"about":[{"href":"https:\/\/themalbechouse.com\/ca\/wp-json\/wp\/v2\/types\/page"}],"author":[{"embeddable":true,"href":"https:\/\/themalbechouse.com\/ca\/wp-json\/wp\/v2\/users\/1"}],"replies":[{"embeddable":true,"href":"https:\/\/themalbechouse.com\/ca\/wp-json\/wp\/v2\/comments?post=822"}],"version-history":[{"count":6,"href":"https:\/\/themalbechouse.com\/ca\/wp-json\/wp\/v2\/pages\/822\/revisions"}],"predecessor-version":[{"id":1608,"href":"https:\/\/themalbechouse.com\/ca\/wp-json\/wp\/v2\/pages\/822\/revisions\/1608"}],"wp:attachment":[{"href":"https:\/\/themalbechouse.com\/ca\/wp-json\/wp\/v2\/media?parent=822"}],"curies":[{"name":"wp","href":"https:\/\/api.w.org\/{rel}","templated":true}]}}