{"id":1000,"date":"2023-12-04T13:31:01","date_gmt":"2023-12-04T12:31:01","guid":{"rendered":"https:\/\/themalbechouse.com\/?post_type=product&#038;p=1000"},"modified":"2025-12-03T13:19:15","modified_gmt":"2025-12-03T12:19:15","slug":"estate-pinot-noir","status":"publish","type":"product","link":"https:\/\/themalbechouse.com\/ca\/estate-pinot-noir\/","title":{"rendered":"Estate Pinot Noir"},"content":{"rendered":"","protected":false},"excerpt":{"rendered":"<p>Aquest Pinot Noir captiva amb el seu vibrant to cirera i sedueix amb notes de gerds, pe\u00f2nies, te oolong i mel de manuka. El seu paladar gener\u00f3s i final fi creen una experi\u00e8ncia memorable i apetitosa.<\/p>","protected":false},"featured_media":1293,"comment_status":"open","ping_status":"closed","template":"","meta":{"_acf_changed":false},"product_brand":[],"product_cat":[160],"product_tag":[],"class_list":{"0":"post-1000","1":"product","2":"type-product","3":"status-publish","4":"has-post-thumbnail","6":"product-type-tinto","7":"product-variety-pinot-noir","8":"product-pairing-aves","9":"product-pairing-cerdo","10":"product-winery-te-mata-estate","11":"product_cat-hawkes-bay","13":"first","14":"instock","15":"taxable","16":"shipping-taxable","17":"purchasable","18":"product-type-simple"},"acf":[],"_links":{"self":[{"href":"https:\/\/themalbechouse.com\/ca\/wp-json\/wp\/v2\/product\/1000","targetHints":{"allow":["GET"]}}],"collection":[{"href":"https:\/\/themalbechouse.com\/ca\/wp-json\/wp\/v2\/product"}],"about":[{"href":"https:\/\/themalbechouse.com\/ca\/wp-json\/wp\/v2\/types\/product"}],"replies":[{"embeddable":true,"href":"https:\/\/themalbechouse.com\/ca\/wp-json\/wp\/v2\/comments?post=1000"}],"wp:featuredmedia":[{"embeddable":true,"href":"https:\/\/themalbechouse.com\/ca\/wp-json\/wp\/v2\/media\/1293"}],"wp:attachment":[{"href":"https:\/\/themalbechouse.com\/ca\/wp-json\/wp\/v2\/media?parent=1000"}],"wp:term":[{"taxonomy":"product_brand","embeddable":true,"href":"https:\/\/themalbechouse.com\/ca\/wp-json\/wp\/v2\/product_brand?post=1000"},{"taxonomy":"product_cat","embeddable":true,"href":"https:\/\/themalbechouse.com\/ca\/wp-json\/wp\/v2\/product_cat?post=1000"},{"taxonomy":"product_tag","embeddable":true,"href":"https:\/\/themalbechouse.com\/ca\/wp-json\/wp\/v2\/product_tag?post=1000"}],"curies":[{"name":"wp","href":"https:\/\/api.w.org\/{rel}","templated":true}]}}