{"id":1026,"date":"2023-12-11T12:49:46","date_gmt":"2023-12-11T11:49:46","guid":{"rendered":"https:\/\/themalbechouse.com\/?post_type=product&#038;p=1026"},"modified":"2025-12-03T13:19:17","modified_gmt":"2025-12-03T12:19:17","slug":"yarra-valley-chardonnay","status":"publish","type":"product","link":"https:\/\/themalbechouse.com\/ca\/yarra-valley-chardonnay\/","title":{"rendered":"Yarra Valley Chardonnay"},"content":{"rendered":"","protected":false},"excerpt":{"rendered":"<p>Aquest vi captiva amb una entrada fresca i \u00e0cida de c\u00edtrics, evolucionant cap a una paleta complexa de vainilla, fruits secs i caramel. Una experi\u00e8ncia que transita des de la frescor inicial cap a una gratificant complexitat de sabors.<\/p>","protected":false},"featured_media":1279,"comment_status":"open","ping_status":"closed","template":"","meta":{"_acf_changed":false},"product_brand":[],"product_cat":[153],"product_tag":[],"class_list":{"0":"post-1026","1":"product","2":"type-product","3":"status-publish","4":"has-post-thumbnail","6":"product-type-blanco","7":"product-variety-chardonnay","8":"product-pairing-pollo","9":"product-pairing-esparragos","10":"product-pairing-mariscos","11":"product-pairing-pescado-azul","12":"product-winery-giant-steps","13":"product_cat-yarra-valley","15":"first","16":"outofstock","17":"taxable","18":"shipping-taxable","19":"purchasable","20":"product-type-simple"},"acf":[],"_links":{"self":[{"href":"https:\/\/themalbechouse.com\/ca\/wp-json\/wp\/v2\/product\/1026","targetHints":{"allow":["GET"]}}],"collection":[{"href":"https:\/\/themalbechouse.com\/ca\/wp-json\/wp\/v2\/product"}],"about":[{"href":"https:\/\/themalbechouse.com\/ca\/wp-json\/wp\/v2\/types\/product"}],"replies":[{"embeddable":true,"href":"https:\/\/themalbechouse.com\/ca\/wp-json\/wp\/v2\/comments?post=1026"}],"wp:featuredmedia":[{"embeddable":true,"href":"https:\/\/themalbechouse.com\/ca\/wp-json\/wp\/v2\/media\/1279"}],"wp:attachment":[{"href":"https:\/\/themalbechouse.com\/ca\/wp-json\/wp\/v2\/media?parent=1026"}],"wp:term":[{"taxonomy":"product_brand","embeddable":true,"href":"https:\/\/themalbechouse.com\/ca\/wp-json\/wp\/v2\/product_brand?post=1026"},{"taxonomy":"product_cat","embeddable":true,"href":"https:\/\/themalbechouse.com\/ca\/wp-json\/wp\/v2\/product_cat?post=1026"},{"taxonomy":"product_tag","embeddable":true,"href":"https:\/\/themalbechouse.com\/ca\/wp-json\/wp\/v2\/product_tag?post=1026"}],"curies":[{"name":"wp","href":"https:\/\/api.w.org\/{rel}","templated":true}]}}