{"id":1035,"date":"2023-12-11T15:46:25","date_gmt":"2023-12-11T14:46:25","guid":{"rendered":"https:\/\/themalbechouse.com\/?post_type=product&#038;p=1035"},"modified":"2025-12-03T13:19:17","modified_gmt":"2025-12-03T12:19:17","slug":"primavera-vineyard-pinot-noir","status":"publish","type":"product","link":"https:\/\/themalbechouse.com\/ca\/primavera-vineyard-pinot-noir\/","title":{"rendered":"Primavera Vineyard Pinot Noir"},"content":{"rendered":"","protected":false},"excerpt":{"rendered":"<p>Aquest vi captiva amb el seu to vermell granat brillant. A la boca, revela capes de maduixes, cireres i subtils tocs de bosc, creant una experi\u00e8ncia complexa i agradable. Amb cos mitj\u00e0, el final \u00e9s simplement encantador.<\/p>","protected":false},"featured_media":1281,"comment_status":"open","ping_status":"closed","template":"","meta":{"_acf_changed":false},"product_brand":[],"product_cat":[153],"product_tag":[],"class_list":{"0":"post-1035","1":"product","2":"type-product","3":"status-publish","4":"has-post-thumbnail","6":"product-type-tinto","7":"product-variety-pinot-noir","8":"product-pairing-aves","9":"product-pairing-caza","10":"product-pairing-ternera","11":"product-winery-giant-steps","12":"product_cat-yarra-valley","14":"first","15":"instock","16":"taxable","17":"shipping-taxable","18":"purchasable","19":"product-type-simple"},"acf":[],"_links":{"self":[{"href":"https:\/\/themalbechouse.com\/ca\/wp-json\/wp\/v2\/product\/1035","targetHints":{"allow":["GET"]}}],"collection":[{"href":"https:\/\/themalbechouse.com\/ca\/wp-json\/wp\/v2\/product"}],"about":[{"href":"https:\/\/themalbechouse.com\/ca\/wp-json\/wp\/v2\/types\/product"}],"replies":[{"embeddable":true,"href":"https:\/\/themalbechouse.com\/ca\/wp-json\/wp\/v2\/comments?post=1035"}],"wp:featuredmedia":[{"embeddable":true,"href":"https:\/\/themalbechouse.com\/ca\/wp-json\/wp\/v2\/media\/1281"}],"wp:attachment":[{"href":"https:\/\/themalbechouse.com\/ca\/wp-json\/wp\/v2\/media?parent=1035"}],"wp:term":[{"taxonomy":"product_brand","embeddable":true,"href":"https:\/\/themalbechouse.com\/ca\/wp-json\/wp\/v2\/product_brand?post=1035"},{"taxonomy":"product_cat","embeddable":true,"href":"https:\/\/themalbechouse.com\/ca\/wp-json\/wp\/v2\/product_cat?post=1035"},{"taxonomy":"product_tag","embeddable":true,"href":"https:\/\/themalbechouse.com\/ca\/wp-json\/wp\/v2\/product_tag?post=1035"}],"curies":[{"name":"wp","href":"https:\/\/api.w.org\/{rel}","templated":true}]}}