{"id":1065,"date":"2023-12-12T16:40:39","date_gmt":"2023-12-12T15:40:39","guid":{"rendered":"https:\/\/themalbechouse.com\/?post_type=product&#038;p=1065"},"modified":"2025-12-03T13:19:20","modified_gmt":"2025-12-03T12:19:20","slug":"decoy-chardonnay","status":"publish","type":"product","link":"https:\/\/themalbechouse.com\/ca\/decoy-chardonnay\/","title":{"rendered":"Decoy Chardonnay"},"content":{"rendered":"","protected":false},"excerpt":{"rendered":"<p>Aquest vi ofereix seductors aromes de c\u00edtrics dol\u00e7os, poma Fuji i pr\u00e9ssec, amb encantadores notes de natilles i vainilla. Irresistible i perfecte per gaudir cada glop!<\/p>","protected":false},"featured_media":1201,"comment_status":"open","ping_status":"closed","template":"","meta":{"_acf_changed":false},"product_brand":[],"product_cat":[92],"product_tag":[],"class_list":{"0":"post-1065","1":"product","2":"type-product","3":"status-publish","4":"has-post-thumbnail","6":"product-type-blanco","7":"product-variety-chardonnay","8":"product-pairing-cerdo","9":"product-pairing-pollo","10":"product-pairing-quesos","11":"product-winery-decoy-wines","12":"product_cat-california","14":"first","15":"outofstock","16":"taxable","17":"shipping-taxable","18":"purchasable","19":"product-type-simple"},"acf":[],"_links":{"self":[{"href":"https:\/\/themalbechouse.com\/ca\/wp-json\/wp\/v2\/product\/1065","targetHints":{"allow":["GET"]}}],"collection":[{"href":"https:\/\/themalbechouse.com\/ca\/wp-json\/wp\/v2\/product"}],"about":[{"href":"https:\/\/themalbechouse.com\/ca\/wp-json\/wp\/v2\/types\/product"}],"replies":[{"embeddable":true,"href":"https:\/\/themalbechouse.com\/ca\/wp-json\/wp\/v2\/comments?post=1065"}],"wp:featuredmedia":[{"embeddable":true,"href":"https:\/\/themalbechouse.com\/ca\/wp-json\/wp\/v2\/media\/1201"}],"wp:attachment":[{"href":"https:\/\/themalbechouse.com\/ca\/wp-json\/wp\/v2\/media?parent=1065"}],"wp:term":[{"taxonomy":"product_brand","embeddable":true,"href":"https:\/\/themalbechouse.com\/ca\/wp-json\/wp\/v2\/product_brand?post=1065"},{"taxonomy":"product_cat","embeddable":true,"href":"https:\/\/themalbechouse.com\/ca\/wp-json\/wp\/v2\/product_cat?post=1065"},{"taxonomy":"product_tag","embeddable":true,"href":"https:\/\/themalbechouse.com\/ca\/wp-json\/wp\/v2\/product_tag?post=1065"}],"curies":[{"name":"wp","href":"https:\/\/api.w.org\/{rel}","templated":true}]}}