{"id":1068,"date":"2023-12-12T16:50:15","date_gmt":"2023-12-12T15:50:15","guid":{"rendered":"https:\/\/themalbechouse.com\/?post_type=product&#038;p=1068"},"modified":"2026-01-21T13:53:15","modified_gmt":"2026-01-21T12:53:15","slug":"decoy-red-blend","status":"publish","type":"product","link":"https:\/\/themalbechouse.com\/ca\/decoy-red-blend\/","title":{"rendered":"Decoy Red Blend"},"content":{"rendered":"","protected":false},"excerpt":{"rendered":"<p>Este seductor vino despliega cautivadores aromas de mora, ciruela, frutos rojos oscuros y ar\u00e1ndanos, acompa\u00f1ados por sutiles matices de caramelo y especias ex\u00f3ticas. Las lujosas notas de bayas se reflejan en un paladar respaldado por taninos suaves y refinados, brindando una experiencia en boca en\u00e9rgica que culmina en un final largo y exuberante.<\/p>","protected":false},"featured_media":1203,"comment_status":"open","ping_status":"closed","template":"","meta":{"_acf_changed":false},"product_brand":[],"product_cat":[92],"product_tag":[],"class_list":{"0":"post-1068","1":"product","2":"type-product","3":"status-publish","4":"has-post-thumbnail","6":"product-type-tinto","7":"product-variety-red-blend","8":"product-pairing-aves","9":"product-pairing-cordero","10":"product-pairing-ternera","11":"product-winery-decoy-wines","12":"product_cat-california","14":"first","15":"instock","16":"taxable","17":"shipping-taxable","18":"purchasable","19":"product-type-simple"},"acf":[],"_links":{"self":[{"href":"https:\/\/themalbechouse.com\/ca\/wp-json\/wp\/v2\/product\/1068","targetHints":{"allow":["GET"]}}],"collection":[{"href":"https:\/\/themalbechouse.com\/ca\/wp-json\/wp\/v2\/product"}],"about":[{"href":"https:\/\/themalbechouse.com\/ca\/wp-json\/wp\/v2\/types\/product"}],"replies":[{"embeddable":true,"href":"https:\/\/themalbechouse.com\/ca\/wp-json\/wp\/v2\/comments?post=1068"}],"wp:featuredmedia":[{"embeddable":true,"href":"https:\/\/themalbechouse.com\/ca\/wp-json\/wp\/v2\/media\/1203"}],"wp:attachment":[{"href":"https:\/\/themalbechouse.com\/ca\/wp-json\/wp\/v2\/media?parent=1068"}],"wp:term":[{"taxonomy":"product_brand","embeddable":true,"href":"https:\/\/themalbechouse.com\/ca\/wp-json\/wp\/v2\/product_brand?post=1068"},{"taxonomy":"product_cat","embeddable":true,"href":"https:\/\/themalbechouse.com\/ca\/wp-json\/wp\/v2\/product_cat?post=1068"},{"taxonomy":"product_tag","embeddable":true,"href":"https:\/\/themalbechouse.com\/ca\/wp-json\/wp\/v2\/product_tag?post=1068"}],"curies":[{"name":"wp","href":"https:\/\/api.w.org\/{rel}","templated":true}]}}