{"id":1071,"date":"2023-12-13T09:33:53","date_gmt":"2023-12-13T08:33:53","guid":{"rendered":"https:\/\/themalbechouse.com\/?post_type=product&#038;p=1071"},"modified":"2025-12-03T13:19:21","modified_gmt":"2025-12-03T12:19:21","slug":"dry-creek-vineyard-fume-blanc","status":"publish","type":"product","link":"https:\/\/themalbechouse.com\/ca\/dry-creek-vineyard-fume-blanc\/","title":{"rendered":"Dry Creek Vineyard Fum? Blanc"},"content":{"rendered":"","protected":false},"excerpt":{"rendered":"<p>Experimenta l&#039;exquisida frag\u00e0ncia de llima-llimona, pr\u00e9ssec blanc i aranja en aquest vi vibrant. Descobreix sabors intensos de mandarina, maracui\u00e0 i cogombre que culminen en un final refrescant i cruixent.<\/p>","protected":false},"featured_media":1204,"comment_status":"open","ping_status":"closed","template":"","meta":{"_acf_changed":false},"product_brand":[],"product_cat":[179],"product_tag":[],"class_list":{"0":"post-1071","1":"product","2":"type-product","3":"status-publish","4":"has-post-thumbnail","6":"product-type-blanco","7":"product-variety-sauvignon-blanc","8":"product-pairing-ensaladas","9":"product-pairing-mariscos","10":"product-pairing-ostras","11":"product-pairing-sushi","12":"product-winery-dry-creek","13":"product_cat-sonoma","15":"first","16":"instock","17":"taxable","18":"shipping-taxable","19":"purchasable","20":"product-type-simple"},"acf":[],"_links":{"self":[{"href":"https:\/\/themalbechouse.com\/ca\/wp-json\/wp\/v2\/product\/1071","targetHints":{"allow":["GET"]}}],"collection":[{"href":"https:\/\/themalbechouse.com\/ca\/wp-json\/wp\/v2\/product"}],"about":[{"href":"https:\/\/themalbechouse.com\/ca\/wp-json\/wp\/v2\/types\/product"}],"replies":[{"embeddable":true,"href":"https:\/\/themalbechouse.com\/ca\/wp-json\/wp\/v2\/comments?post=1071"}],"wp:featuredmedia":[{"embeddable":true,"href":"https:\/\/themalbechouse.com\/ca\/wp-json\/wp\/v2\/media\/1204"}],"wp:attachment":[{"href":"https:\/\/themalbechouse.com\/ca\/wp-json\/wp\/v2\/media?parent=1071"}],"wp:term":[{"taxonomy":"product_brand","embeddable":true,"href":"https:\/\/themalbechouse.com\/ca\/wp-json\/wp\/v2\/product_brand?post=1071"},{"taxonomy":"product_cat","embeddable":true,"href":"https:\/\/themalbechouse.com\/ca\/wp-json\/wp\/v2\/product_cat?post=1071"},{"taxonomy":"product_tag","embeddable":true,"href":"https:\/\/themalbechouse.com\/ca\/wp-json\/wp\/v2\/product_tag?post=1071"}],"curies":[{"name":"wp","href":"https:\/\/api.w.org\/{rel}","templated":true}]}}