{"id":1095,"date":"2023-12-13T11:35:32","date_gmt":"2023-12-13T10:35:32","guid":{"rendered":"https:\/\/themalbechouse.com\/?post_type=product&#038;p=1095"},"modified":"2025-12-03T13:19:27","modified_gmt":"2025-12-03T12:19:27","slug":"napa-valley-howell-mountain-vineyard-cabernet-sauvignon","status":"publish","type":"product","link":"https:\/\/themalbechouse.com\/ca\/napa-valley-howell-mountain-vineyard-cabernet-sauvignon\/","title":{"rendered":"Napa Valley Howell Mountain Vineyard Cabernet Sauvignon"},"content":{"rendered":"","protected":false},"excerpt":{"rendered":"<p>Gaudeix la riquesa d&#039;aquest vi amb captivadors aromes d&#039;esp\u00e8cies dolces, gerds negres i mores, real\u00e7ats per tocs d&#039;an\u00eds, clau i menta. El seu sabor suc\u00f3s de baies fosques i esp\u00e8cies convida a assaborir cada glop amb delit.<\/p>","protected":false},"featured_media":1211,"comment_status":"open","ping_status":"closed","template":"","meta":{"_acf_changed":false},"product_brand":[],"product_cat":[93],"product_tag":[],"class_list":{"0":"post-1095","1":"product","2":"type-product","3":"status-publish","4":"has-post-thumbnail","6":"product-chance-vinos-elegantes","7":"product-type-tinto","8":"product-variety-cabernet-sauvignon","9":"product-winery-duckhorn","10":"product_cat-napa","12":"first","13":"instock","14":"taxable","15":"shipping-taxable","16":"purchasable","17":"product-type-simple"},"acf":[],"_links":{"self":[{"href":"https:\/\/themalbechouse.com\/ca\/wp-json\/wp\/v2\/product\/1095","targetHints":{"allow":["GET"]}}],"collection":[{"href":"https:\/\/themalbechouse.com\/ca\/wp-json\/wp\/v2\/product"}],"about":[{"href":"https:\/\/themalbechouse.com\/ca\/wp-json\/wp\/v2\/types\/product"}],"replies":[{"embeddable":true,"href":"https:\/\/themalbechouse.com\/ca\/wp-json\/wp\/v2\/comments?post=1095"}],"wp:featuredmedia":[{"embeddable":true,"href":"https:\/\/themalbechouse.com\/ca\/wp-json\/wp\/v2\/media\/1211"}],"wp:attachment":[{"href":"https:\/\/themalbechouse.com\/ca\/wp-json\/wp\/v2\/media?parent=1095"}],"wp:term":[{"taxonomy":"product_brand","embeddable":true,"href":"https:\/\/themalbechouse.com\/ca\/wp-json\/wp\/v2\/product_brand?post=1095"},{"taxonomy":"product_cat","embeddable":true,"href":"https:\/\/themalbechouse.com\/ca\/wp-json\/wp\/v2\/product_cat?post=1095"},{"taxonomy":"product_tag","embeddable":true,"href":"https:\/\/themalbechouse.com\/ca\/wp-json\/wp\/v2\/product_tag?post=1095"}],"curies":[{"name":"wp","href":"https:\/\/api.w.org\/{rel}","templated":true}]}}