{"id":1101,"date":"2023-12-13T11:45:42","date_gmt":"2023-12-13T10:45:42","guid":{"rendered":"https:\/\/themalbechouse.com\/?post_type=product&#038;p=1101"},"modified":"2025-12-03T13:19:27","modified_gmt":"2025-12-03T12:19:27","slug":"napa-valley-three-palms-vineyard-merlot","status":"publish","type":"product","link":"https:\/\/themalbechouse.com\/ca\/napa-valley-three-palms-vineyard-merlot\/","title":{"rendered":"Napa Valley Three Palms Vineyard Merlot"},"content":{"rendered":"","protected":false},"excerpt":{"rendered":"<p>Aquest exquisit vi desperta els sentits amb aromes fresques de nabiu, p\u00e8tals de rosa i gerds, complementats per tocs de galetes Graham. En boca, sorpr\u00e8n amb la riquesa de figa negra i la subtilesa del cacau en pols, entrella\u00e7ant una exuberant explosi\u00f3 de baies.<\/p>","protected":false},"featured_media":1213,"comment_status":"open","ping_status":"closed","template":"","meta":{"_acf_changed":false},"product_brand":[],"product_cat":[93],"product_tag":[],"class_list":{"0":"post-1101","1":"product","2":"type-product","3":"status-publish","4":"has-post-thumbnail","6":"product-chance-vinos-elegantes","7":"product-type-tinto","8":"product-variety-merlot","9":"product-winery-duckhorn","10":"product_cat-napa","12":"first","13":"instock","14":"taxable","15":"shipping-taxable","16":"purchasable","17":"product-type-simple"},"acf":[],"_links":{"self":[{"href":"https:\/\/themalbechouse.com\/ca\/wp-json\/wp\/v2\/product\/1101","targetHints":{"allow":["GET"]}}],"collection":[{"href":"https:\/\/themalbechouse.com\/ca\/wp-json\/wp\/v2\/product"}],"about":[{"href":"https:\/\/themalbechouse.com\/ca\/wp-json\/wp\/v2\/types\/product"}],"replies":[{"embeddable":true,"href":"https:\/\/themalbechouse.com\/ca\/wp-json\/wp\/v2\/comments?post=1101"}],"wp:featuredmedia":[{"embeddable":true,"href":"https:\/\/themalbechouse.com\/ca\/wp-json\/wp\/v2\/media\/1213"}],"wp:attachment":[{"href":"https:\/\/themalbechouse.com\/ca\/wp-json\/wp\/v2\/media?parent=1101"}],"wp:term":[{"taxonomy":"product_brand","embeddable":true,"href":"https:\/\/themalbechouse.com\/ca\/wp-json\/wp\/v2\/product_brand?post=1101"},{"taxonomy":"product_cat","embeddable":true,"href":"https:\/\/themalbechouse.com\/ca\/wp-json\/wp\/v2\/product_cat?post=1101"},{"taxonomy":"product_tag","embeddable":true,"href":"https:\/\/themalbechouse.com\/ca\/wp-json\/wp\/v2\/product_tag?post=1101"}],"curies":[{"name":"wp","href":"https:\/\/api.w.org\/{rel}","templated":true}]}}