{"id":1105,"date":"2023-12-13T13:39:35","date_gmt":"2023-12-13T12:39:35","guid":{"rendered":"https:\/\/themalbechouse.com\/?post_type=product&#038;p=1105"},"modified":"2026-03-30T15:10:05","modified_gmt":"2026-03-30T13:10:05","slug":"decoy-limited-napa-valley-red-blend","status":"publish","type":"product","link":"https:\/\/themalbechouse.com\/ca\/decoy-limited-napa-valley-red-blend\/","title":{"rendered":"Decoy Limited Napa Valley Red Blend"},"content":{"rendered":"","protected":false},"excerpt":{"rendered":"<p>El nostre destacat vi negre fusiona amb mestratge Merlot, Zinfandel, Cabernet Sauvignon i Ull de Llebre de la Vall de Napa. La seva aud\u00e0cia i luxe es reflecteixen en tanins vellutats que realcen la fruita generosa, amb sabors captivadors de gerds negre, cirera, cassis, esp\u00e8cies de bruc i roure franc\u00e8s dol\u00e7 en un final deliciosament perllongat.<\/p>","protected":false},"featured_media":1199,"comment_status":"open","ping_status":"closed","template":"","meta":{"_acf_changed":false},"product_brand":[],"product_cat":[93],"product_tag":[],"class_list":{"0":"post-1105","1":"product","2":"type-product","3":"status-publish","4":"has-post-thumbnail","6":"product-type-tinto","7":"product-variety-red-blend","8":"product-pairing-carnes","9":"product-pairing-cordero","10":"product-winery-decoy-wines","11":"product_cat-napa","13":"first","14":"instock","15":"taxable","16":"shipping-taxable","17":"purchasable","18":"product-type-simple"},"acf":[],"_links":{"self":[{"href":"https:\/\/themalbechouse.com\/ca\/wp-json\/wp\/v2\/product\/1105","targetHints":{"allow":["GET"]}}],"collection":[{"href":"https:\/\/themalbechouse.com\/ca\/wp-json\/wp\/v2\/product"}],"about":[{"href":"https:\/\/themalbechouse.com\/ca\/wp-json\/wp\/v2\/types\/product"}],"replies":[{"embeddable":true,"href":"https:\/\/themalbechouse.com\/ca\/wp-json\/wp\/v2\/comments?post=1105"}],"wp:featuredmedia":[{"embeddable":true,"href":"https:\/\/themalbechouse.com\/ca\/wp-json\/wp\/v2\/media\/1199"}],"wp:attachment":[{"href":"https:\/\/themalbechouse.com\/ca\/wp-json\/wp\/v2\/media?parent=1105"}],"wp:term":[{"taxonomy":"product_brand","embeddable":true,"href":"https:\/\/themalbechouse.com\/ca\/wp-json\/wp\/v2\/product_brand?post=1105"},{"taxonomy":"product_cat","embeddable":true,"href":"https:\/\/themalbechouse.com\/ca\/wp-json\/wp\/v2\/product_cat?post=1105"},{"taxonomy":"product_tag","embeddable":true,"href":"https:\/\/themalbechouse.com\/ca\/wp-json\/wp\/v2\/product_tag?post=1105"}],"curies":[{"name":"wp","href":"https:\/\/api.w.org\/{rel}","templated":true}]}}