{"id":1111,"date":"2023-12-14T16:32:13","date_gmt":"2023-12-14T15:32:13","guid":{"rendered":"https:\/\/themalbechouse.com\/?post_type=product&#038;p=1111"},"modified":"2025-12-03T13:19:29","modified_gmt":"2025-12-03T12:19:29","slug":"mr-mick-shiraz","status":"publish","type":"product","link":"https:\/\/themalbechouse.com\/ca\/mr-mick-shiraz\/","title":{"rendered":"Mr. Mick Shiraz"},"content":{"rendered":"","protected":false},"excerpt":{"rendered":"<p>Aquest Shiraz captivador ofereix una experi\u00e8ncia sensorial \u00fanica amb frag\u00e0ncies de violetes, nabius i fruites vermelles, abra\u00e7ades per la dol\u00e7or de la vainilla del roure americ\u00e0. El seu sabor ple desplega matisos de cirera fosca, gerds i subtils tocs d&#039;herbes i esp\u00e8cies, culminant en tanins suaus i sedosos.<\/p>","protected":false},"featured_media":1277,"comment_status":"open","ping_status":"closed","template":"","meta":{"_acf_changed":false},"product_brand":[],"product_cat":[149],"product_tag":[],"class_list":{"0":"post-1111","1":"product","2":"type-product","3":"status-publish","4":"has-post-thumbnail","6":"product-type-tinto","7":"product-variety-shiraz","8":"product-pairing-carnes","9":"product-pairing-cordero","10":"product-winery-tim-adams","11":"product_cat-clare-valley","13":"first","14":"instock","15":"taxable","16":"shipping-taxable","17":"purchasable","18":"product-type-simple"},"acf":[],"_links":{"self":[{"href":"https:\/\/themalbechouse.com\/ca\/wp-json\/wp\/v2\/product\/1111","targetHints":{"allow":["GET"]}}],"collection":[{"href":"https:\/\/themalbechouse.com\/ca\/wp-json\/wp\/v2\/product"}],"about":[{"href":"https:\/\/themalbechouse.com\/ca\/wp-json\/wp\/v2\/types\/product"}],"replies":[{"embeddable":true,"href":"https:\/\/themalbechouse.com\/ca\/wp-json\/wp\/v2\/comments?post=1111"}],"wp:featuredmedia":[{"embeddable":true,"href":"https:\/\/themalbechouse.com\/ca\/wp-json\/wp\/v2\/media\/1277"}],"wp:attachment":[{"href":"https:\/\/themalbechouse.com\/ca\/wp-json\/wp\/v2\/media?parent=1111"}],"wp:term":[{"taxonomy":"product_brand","embeddable":true,"href":"https:\/\/themalbechouse.com\/ca\/wp-json\/wp\/v2\/product_brand?post=1111"},{"taxonomy":"product_cat","embeddable":true,"href":"https:\/\/themalbechouse.com\/ca\/wp-json\/wp\/v2\/product_cat?post=1111"},{"taxonomy":"product_tag","embeddable":true,"href":"https:\/\/themalbechouse.com\/ca\/wp-json\/wp\/v2\/product_tag?post=1111"}],"curies":[{"name":"wp","href":"https:\/\/api.w.org\/{rel}","templated":true}]}}