{"id":1167,"date":"2023-12-20T12:37:43","date_gmt":"2023-12-20T11:37:43","guid":{"rendered":"https:\/\/themalbechouse.com\/?post_type=product&#038;p=1167"},"modified":"2026-03-18T22:18:03","modified_gmt":"2026-03-18T21:18:03","slug":"reserva-personal-familia-tannat","status":"publish","type":"product","link":"https:\/\/themalbechouse.com\/ca\/reserva-personal-familia-tannat\/","title":{"rendered":"Reserva Personal Fam\u00edlia Tannat"},"content":{"rendered":"","protected":false},"excerpt":{"rendered":"<p>Aquest vi \u00e9s concentrat, potent i t\u00e0nnic, amb intensos sabors a m\u00f3res i gerds. Els sabors de fruits vermells s\u00f3n madurs i dol\u00e7os, amb un toc d&#039;esp\u00e8cies. T\u00e9 un toc de xocolata amarga que arrodoneix el sabor.<\/p>","protected":false},"featured_media":1306,"comment_status":"open","ping_status":"closed","template":"","meta":{"_acf_changed":false},"product_brand":[],"product_cat":[445],"product_tag":[],"class_list":{"0":"post-1167","1":"product","2":"type-product","3":"status-publish","4":"has-post-thumbnail","6":"product-type-tinto","7":"product-variety-tannat","8":"product-pairing-carnes","9":"product-pairing-italiana","10":"product-pairing-mexicano","11":"product-pairing-quesos","12":"product-winery-pisano","13":"product_cat-progreso","15":"first","16":"instock","17":"taxable","18":"shipping-taxable","19":"purchasable","20":"product-type-simple"},"acf":[],"_links":{"self":[{"href":"https:\/\/themalbechouse.com\/ca\/wp-json\/wp\/v2\/product\/1167","targetHints":{"allow":["GET"]}}],"collection":[{"href":"https:\/\/themalbechouse.com\/ca\/wp-json\/wp\/v2\/product"}],"about":[{"href":"https:\/\/themalbechouse.com\/ca\/wp-json\/wp\/v2\/types\/product"}],"replies":[{"embeddable":true,"href":"https:\/\/themalbechouse.com\/ca\/wp-json\/wp\/v2\/comments?post=1167"}],"wp:featuredmedia":[{"embeddable":true,"href":"https:\/\/themalbechouse.com\/ca\/wp-json\/wp\/v2\/media\/1306"}],"wp:attachment":[{"href":"https:\/\/themalbechouse.com\/ca\/wp-json\/wp\/v2\/media?parent=1167"}],"wp:term":[{"taxonomy":"product_brand","embeddable":true,"href":"https:\/\/themalbechouse.com\/ca\/wp-json\/wp\/v2\/product_brand?post=1167"},{"taxonomy":"product_cat","embeddable":true,"href":"https:\/\/themalbechouse.com\/ca\/wp-json\/wp\/v2\/product_cat?post=1167"},{"taxonomy":"product_tag","embeddable":true,"href":"https:\/\/themalbechouse.com\/ca\/wp-json\/wp\/v2\/product_tag?post=1167"}],"curies":[{"name":"wp","href":"https:\/\/api.w.org\/{rel}","templated":true}]}}