{"id":1170,"date":"2023-12-20T12:43:34","date_gmt":"2023-12-20T11:43:34","guid":{"rendered":"https:\/\/themalbechouse.com\/?post_type=product&#038;p=1170"},"modified":"2025-12-03T13:19:30","modified_gmt":"2025-12-03T12:19:30","slug":"arretxea-tannat","status":"publish","type":"product","link":"https:\/\/themalbechouse.com\/ca\/arretxea-tannat\/","title":{"rendered":"Arretxea Tannat"},"content":{"rendered":"","protected":false},"excerpt":{"rendered":"<p>Aquest vi t\u00e9 un sabor suau i afruitat amb notes de caf\u00e8 i tabac. \u00c9s robust i persistent, amb nabius, gerds i altres baies silvestres. La nota fumada del roure torrat us far\u00e0 voler tornar a buscar m\u00e9s.<\/p>","protected":false},"featured_media":1171,"comment_status":"open","ping_status":"closed","template":"","meta":{"_acf_changed":false},"product_brand":[],"product_cat":[445],"product_tag":[],"class_list":{"0":"post-1170","1":"product","2":"type-product","3":"status-publish","4":"has-post-thumbnail","6":"product-chance-vinos-cena-especial","7":"product-type-tinto","8":"product-variety-tannat","9":"product-pairing-carnes","10":"product-pairing-caza","11":"product-pairing-cordero","12":"product-winery-pisano","13":"product_cat-progreso","15":"first","16":"instock","17":"taxable","18":"shipping-taxable","19":"purchasable","20":"product-type-simple"},"acf":[],"_links":{"self":[{"href":"https:\/\/themalbechouse.com\/ca\/wp-json\/wp\/v2\/product\/1170","targetHints":{"allow":["GET"]}}],"collection":[{"href":"https:\/\/themalbechouse.com\/ca\/wp-json\/wp\/v2\/product"}],"about":[{"href":"https:\/\/themalbechouse.com\/ca\/wp-json\/wp\/v2\/types\/product"}],"replies":[{"embeddable":true,"href":"https:\/\/themalbechouse.com\/ca\/wp-json\/wp\/v2\/comments?post=1170"}],"wp:featuredmedia":[{"embeddable":true,"href":"https:\/\/themalbechouse.com\/ca\/wp-json\/wp\/v2\/media\/1171"}],"wp:attachment":[{"href":"https:\/\/themalbechouse.com\/ca\/wp-json\/wp\/v2\/media?parent=1170"}],"wp:term":[{"taxonomy":"product_brand","embeddable":true,"href":"https:\/\/themalbechouse.com\/ca\/wp-json\/wp\/v2\/product_brand?post=1170"},{"taxonomy":"product_cat","embeddable":true,"href":"https:\/\/themalbechouse.com\/ca\/wp-json\/wp\/v2\/product_cat?post=1170"},{"taxonomy":"product_tag","embeddable":true,"href":"https:\/\/themalbechouse.com\/ca\/wp-json\/wp\/v2\/product_tag?post=1170"}],"curies":[{"name":"wp","href":"https:\/\/api.w.org\/{rel}","templated":true}]}}