{"id":1235,"date":"2023-12-21T11:57:35","date_gmt":"2023-12-21T10:57:35","guid":{"rendered":"https:\/\/themalbechouse.com\/?post_type=product&#038;p=1235"},"modified":"2026-03-21T21:01:21","modified_gmt":"2026-03-21T20:01:21","slug":"lazuli-cabernet-sauvignon-2","status":"publish","type":"product","link":"https:\/\/themalbechouse.com\/ca\/lazuli-cabernet-sauvignon-2\/","title":{"rendered":"Vi?a Aquitania Lazuli Cabernet Sauvignon"},"content":{"rendered":"","protected":false},"excerpt":{"rendered":"<p>Aquest vi \u00e9s una simfonia de fruits vermells madurs, figues i prunes seques. La seva complexitat i eleg\u00e0ncia s&#039;entrellacen en una combinaci\u00f3 harmoniosa de fruites i esp\u00e8cies. Amb tanins suaus, gran estructura i un final persistent, \u00e9s una experi\u00e8ncia deliciosa que perdura a cada glop.<\/p>","protected":false},"featured_media":1236,"comment_status":"open","ping_status":"closed","template":"","meta":{"_acf_changed":false},"product_brand":[],"product_cat":[447],"product_tag":[510,512,535,534],"class_list":{"0":"post-1235","1":"product","2":"type-product","3":"status-publish","4":"has-post-thumbnail","6":"product-chance-vinos-cena-especial","7":"product-chance-regalar","8":"product-type-tinto","9":"product-variety-cabernet-sauvignon","10":"product-pairing-carnes","11":"product-pairing-italiana","12":"product-winery-vina-aquitania","13":"product_cat-malleco","14":"product_tag-cabernet-sauvignon","15":"product_tag-chile","16":"product_tag-lazuli","17":"product_tag-vina-aquitania","19":"first","20":"instock","21":"taxable","22":"shipping-taxable","23":"purchasable","24":"product-type-simple"},"acf":[],"_links":{"self":[{"href":"https:\/\/themalbechouse.com\/ca\/wp-json\/wp\/v2\/product\/1235","targetHints":{"allow":["GET"]}}],"collection":[{"href":"https:\/\/themalbechouse.com\/ca\/wp-json\/wp\/v2\/product"}],"about":[{"href":"https:\/\/themalbechouse.com\/ca\/wp-json\/wp\/v2\/types\/product"}],"replies":[{"embeddable":true,"href":"https:\/\/themalbechouse.com\/ca\/wp-json\/wp\/v2\/comments?post=1235"}],"wp:featuredmedia":[{"embeddable":true,"href":"https:\/\/themalbechouse.com\/ca\/wp-json\/wp\/v2\/media\/1236"}],"wp:attachment":[{"href":"https:\/\/themalbechouse.com\/ca\/wp-json\/wp\/v2\/media?parent=1235"}],"wp:term":[{"taxonomy":"product_brand","embeddable":true,"href":"https:\/\/themalbechouse.com\/ca\/wp-json\/wp\/v2\/product_brand?post=1235"},{"taxonomy":"product_cat","embeddable":true,"href":"https:\/\/themalbechouse.com\/ca\/wp-json\/wp\/v2\/product_cat?post=1235"},{"taxonomy":"product_tag","embeddable":true,"href":"https:\/\/themalbechouse.com\/ca\/wp-json\/wp\/v2\/product_tag?post=1235"}],"curies":[{"name":"wp","href":"https:\/\/api.w.org\/{rel}","templated":true}]}}