{"id":1259,"date":"2023-12-22T10:47:13","date_gmt":"2023-12-22T09:47:13","guid":{"rendered":"https:\/\/themalbechouse.com\/?post_type=product&#038;p=1259"},"modified":"2026-02-13T16:08:47","modified_gmt":"2026-02-13T15:08:47","slug":"colome-torrontes","status":"publish","type":"product","link":"https:\/\/themalbechouse.com\/ca\/colome-torrontes\/","title":{"rendered":"Colom? Torront?s"},"content":{"rendered":"","protected":false},"excerpt":{"rendered":"<p>Experimenta la frescor de notes florals a gessam\u00ed i tocs c\u00edtrics en aquesta aroma encantadora. \u00c9s fresc, rod\u00f3 i robust, culminant amb un final llarg i delicat.<\/p>","protected":false},"featured_media":1260,"comment_status":"open","ping_status":"closed","template":"","meta":{"_acf_changed":false},"product_brand":[],"product_cat":[350],"product_tag":[],"class_list":{"0":"post-1259","1":"product","2":"type-product","3":"status-publish","4":"has-post-thumbnail","6":"product-type-blanco","7":"product-variety-torrontes","8":"product-pairing-ensaladas","9":"product-pairing-mexicano","10":"product-winery-colome","11":"product_cat-valles-calchaquies","13":"first","14":"instock","15":"taxable","16":"shipping-taxable","17":"purchasable","18":"product-type-simple"},"acf":[],"_links":{"self":[{"href":"https:\/\/themalbechouse.com\/ca\/wp-json\/wp\/v2\/product\/1259","targetHints":{"allow":["GET"]}}],"collection":[{"href":"https:\/\/themalbechouse.com\/ca\/wp-json\/wp\/v2\/product"}],"about":[{"href":"https:\/\/themalbechouse.com\/ca\/wp-json\/wp\/v2\/types\/product"}],"replies":[{"embeddable":true,"href":"https:\/\/themalbechouse.com\/ca\/wp-json\/wp\/v2\/comments?post=1259"}],"wp:featuredmedia":[{"embeddable":true,"href":"https:\/\/themalbechouse.com\/ca\/wp-json\/wp\/v2\/media\/1260"}],"wp:attachment":[{"href":"https:\/\/themalbechouse.com\/ca\/wp-json\/wp\/v2\/media?parent=1259"}],"wp:term":[{"taxonomy":"product_brand","embeddable":true,"href":"https:\/\/themalbechouse.com\/ca\/wp-json\/wp\/v2\/product_brand?post=1259"},{"taxonomy":"product_cat","embeddable":true,"href":"https:\/\/themalbechouse.com\/ca\/wp-json\/wp\/v2\/product_cat?post=1259"},{"taxonomy":"product_tag","embeddable":true,"href":"https:\/\/themalbechouse.com\/ca\/wp-json\/wp\/v2\/product_tag?post=1259"}],"curies":[{"name":"wp","href":"https:\/\/api.w.org\/{rel}","templated":true}]}}