{"id":1265,"date":"2023-12-22T11:08:47","date_gmt":"2023-12-22T10:08:47","guid":{"rendered":"https:\/\/themalbechouse.com\/?post_type=product&#038;p=1265"},"modified":"2025-12-03T13:19:34","modified_gmt":"2025-12-03T12:19:34","slug":"altura-maxima-malbec","status":"publish","type":"product","link":"https:\/\/themalbechouse.com\/ca\/altura-maxima-malbec\/","title":{"rendered":"Altura M?xima Malbec"},"content":{"rendered":"","protected":false},"excerpt":{"rendered":"<p>Explora aquest vi vibrant que desperta els teus sentits amb aromes captivadores de fruits vermells i negres, real\u00e7ats per tocs especiats. Experimenta la seva estructura s\u00f2lida, tanins suaus i un final perllongat. Una experi\u00e8ncia deliciosa que no voldr\u00e0s perdre!<\/p>","protected":false},"featured_media":1266,"comment_status":"open","ping_status":"closed","template":"","meta":{"_acf_changed":false},"product_brand":[],"product_cat":[350],"product_tag":[],"class_list":{"0":"post-1265","1":"product","2":"type-product","3":"status-publish","4":"has-post-thumbnail","6":"product-chance-vinos-elegantes","7":"product-type-tinto","8":"product-variety-malbec","9":"product-pairing-argentina","10":"product-pairing-carnes","11":"product-winery-colome","12":"product_cat-valles-calchaquies","14":"first","15":"instock","16":"taxable","17":"shipping-taxable","18":"purchasable","19":"product-type-simple"},"acf":[],"_links":{"self":[{"href":"https:\/\/themalbechouse.com\/ca\/wp-json\/wp\/v2\/product\/1265","targetHints":{"allow":["GET"]}}],"collection":[{"href":"https:\/\/themalbechouse.com\/ca\/wp-json\/wp\/v2\/product"}],"about":[{"href":"https:\/\/themalbechouse.com\/ca\/wp-json\/wp\/v2\/types\/product"}],"replies":[{"embeddable":true,"href":"https:\/\/themalbechouse.com\/ca\/wp-json\/wp\/v2\/comments?post=1265"}],"wp:featuredmedia":[{"embeddable":true,"href":"https:\/\/themalbechouse.com\/ca\/wp-json\/wp\/v2\/media\/1266"}],"wp:attachment":[{"href":"https:\/\/themalbechouse.com\/ca\/wp-json\/wp\/v2\/media?parent=1265"}],"wp:term":[{"taxonomy":"product_brand","embeddable":true,"href":"https:\/\/themalbechouse.com\/ca\/wp-json\/wp\/v2\/product_brand?post=1265"},{"taxonomy":"product_cat","embeddable":true,"href":"https:\/\/themalbechouse.com\/ca\/wp-json\/wp\/v2\/product_cat?post=1265"},{"taxonomy":"product_tag","embeddable":true,"href":"https:\/\/themalbechouse.com\/ca\/wp-json\/wp\/v2\/product_tag?post=1265"}],"curies":[{"name":"wp","href":"https:\/\/api.w.org\/{rel}","templated":true}]}}