{"id":1328,"date":"2024-01-04T10:10:12","date_gmt":"2024-01-04T09:10:12","guid":{"rendered":"https:\/\/themalbechouse.com\/?post_type=product&#038;p=1328"},"modified":"2026-02-07T13:32:31","modified_gmt":"2026-02-07T12:32:31","slug":"j-lohr-estates-riverstone-chardonnay-arroyo-seco-monterey","status":"publish","type":"product","link":"https:\/\/themalbechouse.com\/ca\/j-lohr-estates-riverstone-chardonnay-arroyo-seco-monterey\/","title":{"rendered":"J. Lohr Estates Riverstone Chardonnay Rierol Sec \u2013 Monterey"},"content":{"rendered":"","protected":false},"excerpt":{"rendered":"<p>Explora la riquesa sensorial d&#039;aquest vi, on la taronja madura, el pr\u00e9ssec i el cacau donen la benvinguda a una frescor vibrant. Descobreix sabors de pera, pr\u00e9ssec blanc, notes florals, c\u00edtriques, esp\u00e8cies per coure i mel a cada glop.<\/p>","protected":false},"featured_media":1330,"comment_status":"open","ping_status":"closed","template":"","meta":{"_acf_changed":false},"product_brand":[],"product_cat":[457],"product_tag":[],"class_list":{"0":"post-1328","1":"product","2":"type-product","3":"status-publish","4":"has-post-thumbnail","6":"product-type-blanco","7":"product-variety-chardonnay","8":"product-pairing-cerdo","9":"product-pairing-pollo","10":"product-pairing-quesos","11":"product-winery-j-lohr","12":"product_cat-arroyo-seco","14":"first","15":"outofstock","16":"taxable","17":"shipping-taxable","18":"purchasable","19":"product-type-simple"},"acf":[],"_links":{"self":[{"href":"https:\/\/themalbechouse.com\/ca\/wp-json\/wp\/v2\/product\/1328","targetHints":{"allow":["GET"]}}],"collection":[{"href":"https:\/\/themalbechouse.com\/ca\/wp-json\/wp\/v2\/product"}],"about":[{"href":"https:\/\/themalbechouse.com\/ca\/wp-json\/wp\/v2\/types\/product"}],"replies":[{"embeddable":true,"href":"https:\/\/themalbechouse.com\/ca\/wp-json\/wp\/v2\/comments?post=1328"}],"wp:featuredmedia":[{"embeddable":true,"href":"https:\/\/themalbechouse.com\/ca\/wp-json\/wp\/v2\/media\/1330"}],"wp:attachment":[{"href":"https:\/\/themalbechouse.com\/ca\/wp-json\/wp\/v2\/media?parent=1328"}],"wp:term":[{"taxonomy":"product_brand","embeddable":true,"href":"https:\/\/themalbechouse.com\/ca\/wp-json\/wp\/v2\/product_brand?post=1328"},{"taxonomy":"product_cat","embeddable":true,"href":"https:\/\/themalbechouse.com\/ca\/wp-json\/wp\/v2\/product_cat?post=1328"},{"taxonomy":"product_tag","embeddable":true,"href":"https:\/\/themalbechouse.com\/ca\/wp-json\/wp\/v2\/product_tag?post=1328"}],"curies":[{"name":"wp","href":"https:\/\/api.w.org\/{rel}","templated":true}]}}