{"id":1375,"date":"2024-01-09T09:53:59","date_gmt":"2024-01-09T08:53:59","guid":{"rendered":"https:\/\/themalbechouse.com\/?post_type=product&#038;p=1375"},"modified":"2025-12-03T13:19:46","modified_gmt":"2025-12-03T12:19:46","slug":"expresion-sauvignon-blanc","status":"publish","type":"product","link":"https:\/\/themalbechouse.com\/ca\/expresion-sauvignon-blanc\/","title":{"rendered":"Expressi\u00f3 Sauvignon Blanc"},"content":{"rendered":"","protected":false},"excerpt":{"rendered":"<p>Aquest vi desperta els sentits amb la seva barreja \u00fanica de c\u00edtrics, maracui\u00e0, flors i m\u00e0nec. El seu inici madur d\u00f3na pas a una paleta fruitera vibrant de poma verda i fruites tropicals, equilibrades amb una acidesa refrescant i un final cruixent. Absolutament delici\u00f3s.<\/p>","protected":false},"featured_media":1376,"comment_status":"open","ping_status":"closed","template":"","meta":{"_acf_changed":false},"product_brand":[],"product_cat":[105],"product_tag":[],"class_list":{"0":"post-1375","1":"product","2":"type-product","3":"status-publish","4":"has-post-thumbnail","6":"product-chance-vinos-para-fiesta","7":"product-type-blanco","8":"product-variety-sauvignon-blanc","9":"product-pairing-ensaladas","10":"product-pairing-mariscos","11":"product-pairing-pescado-azul","12":"product-pairing-pescado-blanco","13":"product-pairing-pollo","14":"product-winery-villard","15":"product_cat-valle-de-casablanca","17":"first","18":"instock","19":"taxable","20":"shipping-taxable","21":"purchasable","22":"product-type-simple"},"acf":[],"_links":{"self":[{"href":"https:\/\/themalbechouse.com\/ca\/wp-json\/wp\/v2\/product\/1375","targetHints":{"allow":["GET"]}}],"collection":[{"href":"https:\/\/themalbechouse.com\/ca\/wp-json\/wp\/v2\/product"}],"about":[{"href":"https:\/\/themalbechouse.com\/ca\/wp-json\/wp\/v2\/types\/product"}],"replies":[{"embeddable":true,"href":"https:\/\/themalbechouse.com\/ca\/wp-json\/wp\/v2\/comments?post=1375"}],"wp:featuredmedia":[{"embeddable":true,"href":"https:\/\/themalbechouse.com\/ca\/wp-json\/wp\/v2\/media\/1376"}],"wp:attachment":[{"href":"https:\/\/themalbechouse.com\/ca\/wp-json\/wp\/v2\/media?parent=1375"}],"wp:term":[{"taxonomy":"product_brand","embeddable":true,"href":"https:\/\/themalbechouse.com\/ca\/wp-json\/wp\/v2\/product_brand?post=1375"},{"taxonomy":"product_cat","embeddable":true,"href":"https:\/\/themalbechouse.com\/ca\/wp-json\/wp\/v2\/product_cat?post=1375"},{"taxonomy":"product_tag","embeddable":true,"href":"https:\/\/themalbechouse.com\/ca\/wp-json\/wp\/v2\/product_tag?post=1375"}],"curies":[{"name":"wp","href":"https:\/\/api.w.org\/{rel}","templated":true}]}}