{"id":1387,"date":"2024-01-09T10:30:56","date_gmt":"2024-01-09T09:30:56","guid":{"rendered":"https:\/\/themalbechouse.com\/?post_type=product&#038;p=1387"},"modified":"2026-03-27T11:27:54","modified_gmt":"2026-03-27T10:27:54","slug":"expresion-pinot-noir","status":"publish","type":"product","link":"https:\/\/themalbechouse.com\/ca\/expresion-pinot-noir\/","title":{"rendered":"Expressi\u00f3 Pinot Noir"},"content":{"rendered":"","protected":false},"excerpt":{"rendered":"<p>Aquest exquisit vi embruixa amb la seva barreja seductora de fruites vermelles com gerds i cireres, real\u00e7ades per un delicat toc de vainilla. La seva entrada \u00e9s sucosa, desplegant notes de fruites vermelles i negres, culminant en un final especiat que eleva l&#039;experi\u00e8ncia. <\/p>","protected":false},"featured_media":1388,"comment_status":"open","ping_status":"closed","template":"","meta":{"_acf_changed":false},"product_brand":[],"product_cat":[105],"product_tag":[],"class_list":{"0":"post-1387","1":"product","2":"type-product","3":"status-publish","4":"has-post-thumbnail","6":"product-type-tinto","7":"product-variety-pinot-noir","8":"product-pairing-ensaladas","9":"product-pairing-pescado-azul","10":"product-pairing-pollo","11":"product-winery-villard","12":"product_cat-valle-de-casablanca","14":"first","15":"instock","16":"taxable","17":"shipping-taxable","18":"purchasable","19":"product-type-simple"},"acf":[],"_links":{"self":[{"href":"https:\/\/themalbechouse.com\/ca\/wp-json\/wp\/v2\/product\/1387","targetHints":{"allow":["GET"]}}],"collection":[{"href":"https:\/\/themalbechouse.com\/ca\/wp-json\/wp\/v2\/product"}],"about":[{"href":"https:\/\/themalbechouse.com\/ca\/wp-json\/wp\/v2\/types\/product"}],"replies":[{"embeddable":true,"href":"https:\/\/themalbechouse.com\/ca\/wp-json\/wp\/v2\/comments?post=1387"}],"wp:featuredmedia":[{"embeddable":true,"href":"https:\/\/themalbechouse.com\/ca\/wp-json\/wp\/v2\/media\/1388"}],"wp:attachment":[{"href":"https:\/\/themalbechouse.com\/ca\/wp-json\/wp\/v2\/media?parent=1387"}],"wp:term":[{"taxonomy":"product_brand","embeddable":true,"href":"https:\/\/themalbechouse.com\/ca\/wp-json\/wp\/v2\/product_brand?post=1387"},{"taxonomy":"product_cat","embeddable":true,"href":"https:\/\/themalbechouse.com\/ca\/wp-json\/wp\/v2\/product_cat?post=1387"},{"taxonomy":"product_tag","embeddable":true,"href":"https:\/\/themalbechouse.com\/ca\/wp-json\/wp\/v2\/product_tag?post=1387"}],"curies":[{"name":"wp","href":"https:\/\/api.w.org\/{rel}","templated":true}]}}