{"id":1393,"date":"2024-01-09T10:45:50","date_gmt":"2024-01-09T09:45:50","guid":{"rendered":"https:\/\/themalbechouse.com\/?post_type=product&#038;p=1393"},"modified":"2026-02-04T17:38:43","modified_gmt":"2026-02-04T16:38:43","slug":"villard-grand-vin-le-pinot-noir","status":"publish","type":"product","link":"https:\/\/themalbechouse.com\/ca\/villard-grand-vin-le-pinot-noir\/","title":{"rendered":"Villard Grand Vin Le Pinot Noir"},"content":{"rendered":"","protected":false},"excerpt":{"rendered":"<p>Aquest vi delecta amb la seva frescor i harmonia, fusionant cireres, maduixes, m\u00f3res i violetes. Inicia amb una explosi\u00f3 fruitera, es desplega amb esp\u00e8cies i una barreja \u00fanica de fruites vermelles i negres, culminant en un final llarg, suau i lleugerament picant.<\/p>","protected":false},"featured_media":1394,"comment_status":"open","ping_status":"closed","template":"","meta":{"_acf_changed":false},"product_brand":[],"product_cat":[105],"product_tag":[],"class_list":{"0":"post-1393","1":"product","2":"type-product","3":"status-publish","4":"has-post-thumbnail","6":"product-chance-vinos-cena-especial","7":"product-type-tinto","8":"product-variety-pinot-noir","9":"product-pairing-aves","10":"product-pairing-caza","11":"product-pairing-pollo","12":"product-winery-villard","13":"product_cat-valle-de-casablanca","15":"first","16":"instock","17":"taxable","18":"shipping-taxable","19":"purchasable","20":"product-type-simple"},"acf":[],"_links":{"self":[{"href":"https:\/\/themalbechouse.com\/ca\/wp-json\/wp\/v2\/product\/1393","targetHints":{"allow":["GET"]}}],"collection":[{"href":"https:\/\/themalbechouse.com\/ca\/wp-json\/wp\/v2\/product"}],"about":[{"href":"https:\/\/themalbechouse.com\/ca\/wp-json\/wp\/v2\/types\/product"}],"replies":[{"embeddable":true,"href":"https:\/\/themalbechouse.com\/ca\/wp-json\/wp\/v2\/comments?post=1393"}],"wp:featuredmedia":[{"embeddable":true,"href":"https:\/\/themalbechouse.com\/ca\/wp-json\/wp\/v2\/media\/1394"}],"wp:attachment":[{"href":"https:\/\/themalbechouse.com\/ca\/wp-json\/wp\/v2\/media?parent=1393"}],"wp:term":[{"taxonomy":"product_brand","embeddable":true,"href":"https:\/\/themalbechouse.com\/ca\/wp-json\/wp\/v2\/product_brand?post=1393"},{"taxonomy":"product_cat","embeddable":true,"href":"https:\/\/themalbechouse.com\/ca\/wp-json\/wp\/v2\/product_cat?post=1393"},{"taxonomy":"product_tag","embeddable":true,"href":"https:\/\/themalbechouse.com\/ca\/wp-json\/wp\/v2\/product_tag?post=1393"}],"curies":[{"name":"wp","href":"https:\/\/api.w.org\/{rel}","templated":true}]}}