{"id":1423,"date":"2024-01-10T10:52:54","date_gmt":"2024-01-10T09:52:54","guid":{"rendered":"https:\/\/themalbechouse.com\/?post_type=product&#038;p=1423"},"modified":"2025-12-03T13:19:52","modified_gmt":"2025-12-03T12:19:52","slug":"azuda-garnacha","status":"publish","type":"product","link":"https:\/\/themalbechouse.com\/ca\/azuda-garnacha\/","title":{"rendered":"Azuda Garnatxa"},"content":{"rendered":"","protected":false},"excerpt":{"rendered":"<p>Aquest encantador vi desperta els sentits amb aromes fresques de fruites vermelles i flors silvestres, complementats per tocs subtils de p\u00f3lvora, roman\u00ed i farigola. Suc\u00f3s i suau, exhibeix una estructura t\u00e0nnica equilibrada i una acidesa vibrant, culminant en un final persistent.<\/p>","protected":false},"featured_media":1420,"comment_status":"open","ping_status":"closed","template":"","meta":{"_acf_changed":false},"product_brand":[],"product_cat":[369],"product_tag":[],"class_list":{"0":"post-1423","1":"product","2":"type-product","3":"status-publish","4":"has-post-thumbnail","6":"product-chance-vinos-cena-especial","7":"product-type-tinto","8":"product-variety-garnacha","9":"product-pairing-carnes","10":"product-pairing-mexicano","11":"product-pairing-thai","12":"product-winery-clos-de-luz","13":"product_cat-valle-de-almahue","15":"first","16":"instock","17":"taxable","18":"shipping-taxable","19":"purchasable","20":"product-type-simple"},"acf":[],"_links":{"self":[{"href":"https:\/\/themalbechouse.com\/ca\/wp-json\/wp\/v2\/product\/1423","targetHints":{"allow":["GET"]}}],"collection":[{"href":"https:\/\/themalbechouse.com\/ca\/wp-json\/wp\/v2\/product"}],"about":[{"href":"https:\/\/themalbechouse.com\/ca\/wp-json\/wp\/v2\/types\/product"}],"replies":[{"embeddable":true,"href":"https:\/\/themalbechouse.com\/ca\/wp-json\/wp\/v2\/comments?post=1423"}],"wp:featuredmedia":[{"embeddable":true,"href":"https:\/\/themalbechouse.com\/ca\/wp-json\/wp\/v2\/media\/1420"}],"wp:attachment":[{"href":"https:\/\/themalbechouse.com\/ca\/wp-json\/wp\/v2\/media?parent=1423"}],"wp:term":[{"taxonomy":"product_brand","embeddable":true,"href":"https:\/\/themalbechouse.com\/ca\/wp-json\/wp\/v2\/product_brand?post=1423"},{"taxonomy":"product_cat","embeddable":true,"href":"https:\/\/themalbechouse.com\/ca\/wp-json\/wp\/v2\/product_cat?post=1423"},{"taxonomy":"product_tag","embeddable":true,"href":"https:\/\/themalbechouse.com\/ca\/wp-json\/wp\/v2\/product_tag?post=1423"}],"curies":[{"name":"wp","href":"https:\/\/api.w.org\/{rel}","templated":true}]}}