{"id":1431,"date":"2024-01-10T11:13:23","date_gmt":"2024-01-10T10:13:23","guid":{"rendered":"https:\/\/themalbechouse.com\/?post_type=product&#038;p=1431"},"modified":"2025-12-03T13:19:53","modified_gmt":"2025-12-03T12:19:53","slug":"flaherty-wines-tequel-vineyard-cauquenes-red-blend","status":"publish","type":"product","link":"https:\/\/themalbechouse.com\/ca\/flaherty-wines-tequel-vineyard-cauquenes-red-blend\/","title":{"rendered":"Flaherty Wines Tequel Vineyard Cauquenes Red Blend"},"content":{"rendered":"","protected":false},"excerpt":{"rendered":"<p>Aquest vi exquisit t&#039;envolta en un plaer irresistible de m\u00f3res i baies, acompanyat d&#039;elegants matisos de cuir i caf\u00e8. El seu inici ferm d\u00f3na pas a una paleta potent i saborosa, amb tanins perfectament integrats.<\/p>","protected":false},"featured_media":1432,"comment_status":"open","ping_status":"closed","template":"","meta":{"_acf_changed":false},"product_brand":[],"product_cat":[454],"product_tag":[],"class_list":{"0":"post-1431","1":"product","2":"type-product","3":"status-publish","4":"has-post-thumbnail","6":"product-chance-vinos-cena-especial","7":"product-type-tinto","8":"product-variety-red-blend","9":"product-pairing-cerdo","10":"product-pairing-carnes","11":"product-pairing-cordero","12":"product-winery-flaherty-wines","13":"product_cat-cauquenes","15":"first","16":"instock","17":"taxable","18":"shipping-taxable","19":"purchasable","20":"product-type-simple"},"acf":[],"_links":{"self":[{"href":"https:\/\/themalbechouse.com\/ca\/wp-json\/wp\/v2\/product\/1431","targetHints":{"allow":["GET"]}}],"collection":[{"href":"https:\/\/themalbechouse.com\/ca\/wp-json\/wp\/v2\/product"}],"about":[{"href":"https:\/\/themalbechouse.com\/ca\/wp-json\/wp\/v2\/types\/product"}],"replies":[{"embeddable":true,"href":"https:\/\/themalbechouse.com\/ca\/wp-json\/wp\/v2\/comments?post=1431"}],"wp:featuredmedia":[{"embeddable":true,"href":"https:\/\/themalbechouse.com\/ca\/wp-json\/wp\/v2\/media\/1432"}],"wp:attachment":[{"href":"https:\/\/themalbechouse.com\/ca\/wp-json\/wp\/v2\/media?parent=1431"}],"wp:term":[{"taxonomy":"product_brand","embeddable":true,"href":"https:\/\/themalbechouse.com\/ca\/wp-json\/wp\/v2\/product_brand?post=1431"},{"taxonomy":"product_cat","embeddable":true,"href":"https:\/\/themalbechouse.com\/ca\/wp-json\/wp\/v2\/product_cat?post=1431"},{"taxonomy":"product_tag","embeddable":true,"href":"https:\/\/themalbechouse.com\/ca\/wp-json\/wp\/v2\/product_tag?post=1431"}],"curies":[{"name":"wp","href":"https:\/\/api.w.org\/{rel}","templated":true}]}}