{"id":1434,"date":"2024-01-10T11:31:19","date_gmt":"2024-01-10T10:31:19","guid":{"rendered":"https:\/\/themalbechouse.com\/?post_type=product&#038;p=1434"},"modified":"2025-12-03T13:19:54","modified_gmt":"2025-12-03T12:19:54","slug":"flaherty-wines-tequel-vineyard-tempranillo","status":"publish","type":"product","link":"https:\/\/themalbechouse.com\/ca\/flaherty-wines-tequel-vineyard-tempranillo\/","title":{"rendered":"Flaherty Wines Tequel Vineyard Ull de llebre"},"content":{"rendered":"","protected":false},"excerpt":{"rendered":"<p>Flaherty Wines Tequel Vineyard Tempranillo \u00e9s un encantador vi que desperta els sentits amb la seva fusi\u00f3 exquisida de cireres silvestres i m\u00f3res, real\u00e7ades per tocs terrosos. D&#039;inici ferm, els sabors a fruites fosques s&#039;entrellacen amb tanins notables, culminant en un final especiat i viva\u00e7.<\/p>","protected":false},"featured_media":1435,"comment_status":"open","ping_status":"closed","template":"","meta":{"_acf_changed":false},"product_brand":[],"product_cat":[454],"product_tag":[],"class_list":{"0":"post-1434","1":"product","2":"type-product","3":"status-publish","4":"has-post-thumbnail","6":"product-type-tinto","7":"product-variety-tempranillo","8":"product-pairing-carnes","9":"product-pairing-quesos","10":"product-winery-flaherty-wines","11":"product_cat-cauquenes","13":"first","14":"instock","15":"taxable","16":"shipping-taxable","17":"purchasable","18":"product-type-simple"},"acf":[],"_links":{"self":[{"href":"https:\/\/themalbechouse.com\/ca\/wp-json\/wp\/v2\/product\/1434","targetHints":{"allow":["GET"]}}],"collection":[{"href":"https:\/\/themalbechouse.com\/ca\/wp-json\/wp\/v2\/product"}],"about":[{"href":"https:\/\/themalbechouse.com\/ca\/wp-json\/wp\/v2\/types\/product"}],"replies":[{"embeddable":true,"href":"https:\/\/themalbechouse.com\/ca\/wp-json\/wp\/v2\/comments?post=1434"}],"wp:featuredmedia":[{"embeddable":true,"href":"https:\/\/themalbechouse.com\/ca\/wp-json\/wp\/v2\/media\/1435"}],"wp:attachment":[{"href":"https:\/\/themalbechouse.com\/ca\/wp-json\/wp\/v2\/media?parent=1434"}],"wp:term":[{"taxonomy":"product_brand","embeddable":true,"href":"https:\/\/themalbechouse.com\/ca\/wp-json\/wp\/v2\/product_brand?post=1434"},{"taxonomy":"product_cat","embeddable":true,"href":"https:\/\/themalbechouse.com\/ca\/wp-json\/wp\/v2\/product_cat?post=1434"},{"taxonomy":"product_tag","embeddable":true,"href":"https:\/\/themalbechouse.com\/ca\/wp-json\/wp\/v2\/product_tag?post=1434"}],"curies":[{"name":"wp","href":"https:\/\/api.w.org\/{rel}","templated":true}]}}