{"id":1437,"date":"2024-01-10T11:37:43","date_gmt":"2024-01-10T10:37:43","guid":{"rendered":"https:\/\/themalbechouse.com\/?post_type=product&#038;p=1437"},"modified":"2025-12-03T13:19:54","modified_gmt":"2025-12-03T12:19:54","slug":"flaherty-wines-tequel-vineyard-petite-sirah","status":"publish","type":"product","link":"https:\/\/themalbechouse.com\/ca\/flaherty-wines-tequel-vineyard-petite-sirah\/","title":{"rendered":"Flaherty Wines Tequel Vineyard Petite Sirah"},"content":{"rendered":"","protected":false},"excerpt":{"rendered":"<p>Aquest vi et porta a un fest\u00ed de sabors fruiters, on les m\u00f3res, cireres i prunes donen vida a un inici deliciosament fresc. El seu car\u00e0cter gran\u00edtic aporta profunditat mentre els tanins suaus s&#039;entrellacen en una experi\u00e8ncia \u00fanica i plaent.<\/p>","protected":false},"featured_media":1438,"comment_status":"open","ping_status":"closed","template":"","meta":{"_acf_changed":false},"product_brand":[],"product_cat":[454],"product_tag":[],"class_list":{"0":"post-1437","1":"product","2":"type-product","3":"status-publish","4":"has-post-thumbnail","6":"product-type-tinto","7":"product-variety-petite-sirah","8":"product-pairing-carnes","9":"product-pairing-italiana","10":"product-winery-flaherty-wines","11":"product_cat-cauquenes","13":"first","14":"instock","15":"taxable","16":"shipping-taxable","17":"purchasable","18":"product-type-simple"},"acf":[],"_links":{"self":[{"href":"https:\/\/themalbechouse.com\/ca\/wp-json\/wp\/v2\/product\/1437","targetHints":{"allow":["GET"]}}],"collection":[{"href":"https:\/\/themalbechouse.com\/ca\/wp-json\/wp\/v2\/product"}],"about":[{"href":"https:\/\/themalbechouse.com\/ca\/wp-json\/wp\/v2\/types\/product"}],"replies":[{"embeddable":true,"href":"https:\/\/themalbechouse.com\/ca\/wp-json\/wp\/v2\/comments?post=1437"}],"wp:featuredmedia":[{"embeddable":true,"href":"https:\/\/themalbechouse.com\/ca\/wp-json\/wp\/v2\/media\/1438"}],"wp:attachment":[{"href":"https:\/\/themalbechouse.com\/ca\/wp-json\/wp\/v2\/media?parent=1437"}],"wp:term":[{"taxonomy":"product_brand","embeddable":true,"href":"https:\/\/themalbechouse.com\/ca\/wp-json\/wp\/v2\/product_brand?post=1437"},{"taxonomy":"product_cat","embeddable":true,"href":"https:\/\/themalbechouse.com\/ca\/wp-json\/wp\/v2\/product_cat?post=1437"},{"taxonomy":"product_tag","embeddable":true,"href":"https:\/\/themalbechouse.com\/ca\/wp-json\/wp\/v2\/product_tag?post=1437"}],"curies":[{"name":"wp","href":"https:\/\/api.w.org\/{rel}","templated":true}]}}