{"id":1440,"date":"2024-01-11T10:06:49","date_gmt":"2024-01-11T09:06:49","guid":{"rendered":"https:\/\/themalbechouse.com\/?post_type=product&#038;p=1440"},"modified":"2025-12-03T13:19:55","modified_gmt":"2025-12-03T12:19:55","slug":"chacra-la-papay-sauvignon-blanc","status":"publish","type":"product","link":"https:\/\/themalbechouse.com\/ca\/chacra-la-papay-sauvignon-blanc\/","title":{"rendered":"Xacra La Papay Sauvignon Blanc"},"content":{"rendered":"","protected":false},"excerpt":{"rendered":"<p>Aquest vi et captivar\u00e0 amb la barreja d&#039;aromes a fruites tropicals i c\u00edtrics, destacant l&#039;aranja rosa i un toc subtil de ruda. La seva frescor c\u00edtrica, acidesa elegant i final n\u00edtid et conviden a gaudir de cada glop.<\/p>","protected":false},"featured_media":1514,"comment_status":"open","ping_status":"closed","template":"","meta":{"_acf_changed":false},"product_brand":[],"product_cat":[452],"product_tag":[],"class_list":{"0":"post-1440","1":"product","2":"type-product","3":"status-publish","4":"has-post-thumbnail","6":"product-chance-vinos-para-fiesta","7":"product-type-blanco","8":"product-variety-sauvignon-blanc","9":"product-pairing-ensaladas","10":"product-pairing-esparragos","11":"product-pairing-mariscos","12":"product-winery-malma","13":"product_cat-san-patricio-del-chanar","15":"first","16":"outofstock","17":"taxable","18":"shipping-taxable","19":"purchasable","20":"product-type-simple"},"acf":[],"_links":{"self":[{"href":"https:\/\/themalbechouse.com\/ca\/wp-json\/wp\/v2\/product\/1440","targetHints":{"allow":["GET"]}}],"collection":[{"href":"https:\/\/themalbechouse.com\/ca\/wp-json\/wp\/v2\/product"}],"about":[{"href":"https:\/\/themalbechouse.com\/ca\/wp-json\/wp\/v2\/types\/product"}],"replies":[{"embeddable":true,"href":"https:\/\/themalbechouse.com\/ca\/wp-json\/wp\/v2\/comments?post=1440"}],"wp:featuredmedia":[{"embeddable":true,"href":"https:\/\/themalbechouse.com\/ca\/wp-json\/wp\/v2\/media\/1514"}],"wp:attachment":[{"href":"https:\/\/themalbechouse.com\/ca\/wp-json\/wp\/v2\/media?parent=1440"}],"wp:term":[{"taxonomy":"product_brand","embeddable":true,"href":"https:\/\/themalbechouse.com\/ca\/wp-json\/wp\/v2\/product_brand?post=1440"},{"taxonomy":"product_cat","embeddable":true,"href":"https:\/\/themalbechouse.com\/ca\/wp-json\/wp\/v2\/product_cat?post=1440"},{"taxonomy":"product_tag","embeddable":true,"href":"https:\/\/themalbechouse.com\/ca\/wp-json\/wp\/v2\/product_tag?post=1440"}],"curies":[{"name":"wp","href":"https:\/\/api.w.org\/{rel}","templated":true}]}}