{"id":1444,"date":"2024-01-11T10:35:42","date_gmt":"2024-01-11T09:35:42","guid":{"rendered":"https:\/\/themalbechouse.com\/?post_type=product&#038;p=1444"},"modified":"2025-12-03T13:19:57","modified_gmt":"2025-12-03T12:19:57","slug":"chacra-la-papay-pinot-noir","status":"publish","type":"product","link":"https:\/\/themalbechouse.com\/ca\/chacra-la-papay-pinot-noir\/","title":{"rendered":"Chacra La Papay Pinot Noir"},"content":{"rendered":"","protected":false},"excerpt":{"rendered":"<p>Vibrant vermell brillant, aquest vi t&#039;embolica en un fest\u00ed d&#039;aromes de maduixes i prunes madures. El seu car\u00e0cter suau i elegant es revela amb notes de fruita, tocs especiats i un toc de vainilla despr\u00e9s del seu breu pas per la fusta. <\/p>","protected":false},"featured_media":1512,"comment_status":"open","ping_status":"closed","template":"","meta":{"_acf_changed":false},"product_brand":[],"product_cat":[129],"product_tag":[],"class_list":{"0":"post-1444","1":"product","2":"type-product","3":"status-publish","4":"has-post-thumbnail","6":"product-chance-vinos-comer-con-queso","7":"product-chance-vinos-ligeros","8":"product-type-tinto","9":"product-variety-pinot-noir","10":"product-pairing-pescado-azul","11":"product-pairing-quesos","12":"product-winery-malma","13":"product_cat-neuquen","15":"first","16":"instock","17":"taxable","18":"shipping-taxable","19":"purchasable","20":"product-type-simple"},"acf":[],"_links":{"self":[{"href":"https:\/\/themalbechouse.com\/ca\/wp-json\/wp\/v2\/product\/1444","targetHints":{"allow":["GET"]}}],"collection":[{"href":"https:\/\/themalbechouse.com\/ca\/wp-json\/wp\/v2\/product"}],"about":[{"href":"https:\/\/themalbechouse.com\/ca\/wp-json\/wp\/v2\/types\/product"}],"replies":[{"embeddable":true,"href":"https:\/\/themalbechouse.com\/ca\/wp-json\/wp\/v2\/comments?post=1444"}],"wp:featuredmedia":[{"embeddable":true,"href":"https:\/\/themalbechouse.com\/ca\/wp-json\/wp\/v2\/media\/1512"}],"wp:attachment":[{"href":"https:\/\/themalbechouse.com\/ca\/wp-json\/wp\/v2\/media?parent=1444"}],"wp:term":[{"taxonomy":"product_brand","embeddable":true,"href":"https:\/\/themalbechouse.com\/ca\/wp-json\/wp\/v2\/product_brand?post=1444"},{"taxonomy":"product_cat","embeddable":true,"href":"https:\/\/themalbechouse.com\/ca\/wp-json\/wp\/v2\/product_cat?post=1444"},{"taxonomy":"product_tag","embeddable":true,"href":"https:\/\/themalbechouse.com\/ca\/wp-json\/wp\/v2\/product_tag?post=1444"}],"curies":[{"name":"wp","href":"https:\/\/api.w.org\/{rel}","templated":true}]}}