{"id":1455,"date":"2024-01-12T10:02:28","date_gmt":"2024-01-12T09:02:28","guid":{"rendered":"https:\/\/themalbechouse.com\/?post_type=product&#038;p=1455"},"modified":"2026-03-30T15:10:03","modified_gmt":"2026-03-30T13:10:03","slug":"sauvignon-blanc-2022","status":"publish","type":"product","link":"https:\/\/themalbechouse.com\/ca\/sauvignon-blanc-2022\/","title":{"rendered":"Shaw + Smith Sauvignon Blanc"},"content":{"rendered":"","protected":false},"excerpt":{"rendered":"<p>Gaudeix d\u00b4aquest vi vibrant amb aromes d\u00b4aranja i flors, acompanyats de subtils notes herb\u00e0cies i d\u00b4ortiga. La seva acidesa refrescant abra\u00e7a sabors sucosos de poma, fruites tropicals i un toc agredol\u00e7 de pomelo rosat. Delecta&#039;t amb aquesta experi\u00e8ncia sensorial \u00fanica.<\/p>","protected":false},"featured_media":1456,"comment_status":"open","ping_status":"closed","template":"","meta":{"_acf_changed":false},"product_brand":[],"product_cat":[150],"product_tag":[],"class_list":{"0":"post-1455","1":"product","2":"type-product","3":"status-publish","4":"has-post-thumbnail","6":"product-type-blanco","7":"product-variety-sauvignon-blanc","8":"product-pairing-ensaladas","9":"product-pairing-mariscos","10":"product-winery-shaw-smith","11":"product_cat-adelaide-hills","13":"first","14":"instock","15":"taxable","16":"shipping-taxable","17":"purchasable","18":"product-type-simple"},"acf":[],"_links":{"self":[{"href":"https:\/\/themalbechouse.com\/ca\/wp-json\/wp\/v2\/product\/1455","targetHints":{"allow":["GET"]}}],"collection":[{"href":"https:\/\/themalbechouse.com\/ca\/wp-json\/wp\/v2\/product"}],"about":[{"href":"https:\/\/themalbechouse.com\/ca\/wp-json\/wp\/v2\/types\/product"}],"replies":[{"embeddable":true,"href":"https:\/\/themalbechouse.com\/ca\/wp-json\/wp\/v2\/comments?post=1455"}],"wp:featuredmedia":[{"embeddable":true,"href":"https:\/\/themalbechouse.com\/ca\/wp-json\/wp\/v2\/media\/1456"}],"wp:attachment":[{"href":"https:\/\/themalbechouse.com\/ca\/wp-json\/wp\/v2\/media?parent=1455"}],"wp:term":[{"taxonomy":"product_brand","embeddable":true,"href":"https:\/\/themalbechouse.com\/ca\/wp-json\/wp\/v2\/product_brand?post=1455"},{"taxonomy":"product_cat","embeddable":true,"href":"https:\/\/themalbechouse.com\/ca\/wp-json\/wp\/v2\/product_cat?post=1455"},{"taxonomy":"product_tag","embeddable":true,"href":"https:\/\/themalbechouse.com\/ca\/wp-json\/wp\/v2\/product_tag?post=1455"}],"curies":[{"name":"wp","href":"https:\/\/api.w.org\/{rel}","templated":true}]}}