{"id":1458,"date":"2024-01-12T10:09:25","date_gmt":"2024-01-12T09:09:25","guid":{"rendered":"https:\/\/themalbechouse.com\/?post_type=product&#038;p=1458"},"modified":"2026-04-01T20:12:00","modified_gmt":"2026-04-01T18:12:00","slug":"shaw-pinot-noir","status":"publish","type":"product","link":"https:\/\/themalbechouse.com\/ca\/shaw-pinot-noir\/","title":{"rendered":"Shaw + Smith Pinot Noir"},"content":{"rendered":"","protected":false},"excerpt":{"rendered":"<p>Descobriu l&#039;encant d&#039;aquest vi captivador amb notes irresistibles a cireres i fruites vermelles. La seva barreja perfecta de fruits vermells, tocs terrosos, xicoira i esp\u00e8cies seques crea una experi\u00e8ncia \u00fanica que delectar\u00e0 el teu paladar. Una del\u00edcia imperdible!<\/p>","protected":false},"featured_media":1459,"comment_status":"open","ping_status":"closed","template":"","meta":{"_acf_changed":false},"product_brand":[],"product_cat":[150],"product_tag":[],"class_list":{"0":"post-1458","1":"product","2":"type-product","3":"status-publish","4":"has-post-thumbnail","6":"product-type-tinto","7":"product-variety-pinot-noir","8":"product-pairing-aves","9":"product-pairing-caza","10":"product-pairing-ternera","11":"product-winery-shaw-smith","12":"product_cat-adelaide-hills","14":"first","15":"instock","16":"taxable","17":"shipping-taxable","18":"purchasable","19":"product-type-simple"},"acf":[],"_links":{"self":[{"href":"https:\/\/themalbechouse.com\/ca\/wp-json\/wp\/v2\/product\/1458","targetHints":{"allow":["GET"]}}],"collection":[{"href":"https:\/\/themalbechouse.com\/ca\/wp-json\/wp\/v2\/product"}],"about":[{"href":"https:\/\/themalbechouse.com\/ca\/wp-json\/wp\/v2\/types\/product"}],"replies":[{"embeddable":true,"href":"https:\/\/themalbechouse.com\/ca\/wp-json\/wp\/v2\/comments?post=1458"}],"wp:featuredmedia":[{"embeddable":true,"href":"https:\/\/themalbechouse.com\/ca\/wp-json\/wp\/v2\/media\/1459"}],"wp:attachment":[{"href":"https:\/\/themalbechouse.com\/ca\/wp-json\/wp\/v2\/media?parent=1458"}],"wp:term":[{"taxonomy":"product_brand","embeddable":true,"href":"https:\/\/themalbechouse.com\/ca\/wp-json\/wp\/v2\/product_brand?post=1458"},{"taxonomy":"product_cat","embeddable":true,"href":"https:\/\/themalbechouse.com\/ca\/wp-json\/wp\/v2\/product_cat?post=1458"},{"taxonomy":"product_tag","embeddable":true,"href":"https:\/\/themalbechouse.com\/ca\/wp-json\/wp\/v2\/product_tag?post=1458"}],"curies":[{"name":"wp","href":"https:\/\/api.w.org\/{rel}","templated":true}]}}