{"id":1467,"date":"2024-01-12T10:27:59","date_gmt":"2024-01-12T09:27:59","guid":{"rendered":"https:\/\/themalbechouse.com\/?post_type=product&#038;p=1467"},"modified":"2025-12-03T13:20:00","modified_gmt":"2025-12-03T12:20:00","slug":"lenswood-vineyard-pinot-noir","status":"publish","type":"product","link":"https:\/\/themalbechouse.com\/ca\/lenswood-vineyard-pinot-noir\/","title":{"rendered":"Lenswood Vineyard Pinot Noir"},"content":{"rendered":"","protected":false},"excerpt":{"rendered":"<p>Un viatge sensorial amb aquest vi que desperta els sentits amb aromes de bergamota, pa acabat de fer i cireres negres. El seu cos mitj\u00e0, terr\u00f3s i resin\u00f3s revela notes de pruna fornejada, an\u00eds estrellat i xampinyons, una experi\u00e8ncia \u00fanica a cada glop.<\/p>","protected":false},"featured_media":1468,"comment_status":"open","ping_status":"closed","template":"","meta":{"_acf_changed":false},"product_brand":[],"product_cat":[150],"product_tag":[],"class_list":{"0":"post-1467","1":"product","2":"type-product","3":"status-publish","4":"has-post-thumbnail","6":"product-type-tinto","7":"product-variety-pinot-noir","8":"product-pairing-aves","9":"product-pairing-carnes","10":"product-pairing-ternera","11":"product-winery-shaw-smith","12":"product_cat-adelaide-hills","14":"first","15":"instock","16":"taxable","17":"shipping-taxable","18":"purchasable","19":"product-type-simple"},"acf":[],"_links":{"self":[{"href":"https:\/\/themalbechouse.com\/ca\/wp-json\/wp\/v2\/product\/1467","targetHints":{"allow":["GET"]}}],"collection":[{"href":"https:\/\/themalbechouse.com\/ca\/wp-json\/wp\/v2\/product"}],"about":[{"href":"https:\/\/themalbechouse.com\/ca\/wp-json\/wp\/v2\/types\/product"}],"replies":[{"embeddable":true,"href":"https:\/\/themalbechouse.com\/ca\/wp-json\/wp\/v2\/comments?post=1467"}],"wp:featuredmedia":[{"embeddable":true,"href":"https:\/\/themalbechouse.com\/ca\/wp-json\/wp\/v2\/media\/1468"}],"wp:attachment":[{"href":"https:\/\/themalbechouse.com\/ca\/wp-json\/wp\/v2\/media?parent=1467"}],"wp:term":[{"taxonomy":"product_brand","embeddable":true,"href":"https:\/\/themalbechouse.com\/ca\/wp-json\/wp\/v2\/product_brand?post=1467"},{"taxonomy":"product_cat","embeddable":true,"href":"https:\/\/themalbechouse.com\/ca\/wp-json\/wp\/v2\/product_cat?post=1467"},{"taxonomy":"product_tag","embeddable":true,"href":"https:\/\/themalbechouse.com\/ca\/wp-json\/wp\/v2\/product_tag?post=1467"}],"curies":[{"name":"wp","href":"https:\/\/api.w.org\/{rel}","templated":true}]}}