{"id":1470,"date":"2024-01-12T10:32:26","date_gmt":"2024-01-12T09:32:26","guid":{"rendered":"https:\/\/themalbechouse.com\/?post_type=product&#038;p=1470"},"modified":"2025-12-03T13:20:00","modified_gmt":"2025-12-03T12:20:00","slug":"balhannah-vineyard-shiraz","status":"publish","type":"product","link":"https:\/\/themalbechouse.com\/ca\/balhannah-vineyard-shiraz\/","title":{"rendered":"Balhannah Vineyard Shiraz"},"content":{"rendered":"","protected":false},"excerpt":{"rendered":"<p>Aquest delici\u00f3s vi desperta els teus sentits amb aromes a prunes dolces, carn de ca\u00e7a i esp\u00e8cies suaus. <\/p>","protected":false},"featured_media":1471,"comment_status":"open","ping_status":"closed","template":"","meta":{"_acf_changed":false},"product_brand":[],"product_cat":[150],"product_tag":[],"class_list":{"0":"post-1470","1":"product","2":"type-product","3":"status-publish","4":"has-post-thumbnail","6":"product-type-tinto","7":"product-variety-shiraz","8":"product-pairing-carnes","9":"product-pairing-guisos","10":"product-winery-shaw-smith","11":"product_cat-adelaide-hills","13":"first","14":"instock","15":"taxable","16":"shipping-taxable","17":"purchasable","18":"product-type-simple"},"acf":[],"_links":{"self":[{"href":"https:\/\/themalbechouse.com\/ca\/wp-json\/wp\/v2\/product\/1470","targetHints":{"allow":["GET"]}}],"collection":[{"href":"https:\/\/themalbechouse.com\/ca\/wp-json\/wp\/v2\/product"}],"about":[{"href":"https:\/\/themalbechouse.com\/ca\/wp-json\/wp\/v2\/types\/product"}],"replies":[{"embeddable":true,"href":"https:\/\/themalbechouse.com\/ca\/wp-json\/wp\/v2\/comments?post=1470"}],"wp:featuredmedia":[{"embeddable":true,"href":"https:\/\/themalbechouse.com\/ca\/wp-json\/wp\/v2\/media\/1471"}],"wp:attachment":[{"href":"https:\/\/themalbechouse.com\/ca\/wp-json\/wp\/v2\/media?parent=1470"}],"wp:term":[{"taxonomy":"product_brand","embeddable":true,"href":"https:\/\/themalbechouse.com\/ca\/wp-json\/wp\/v2\/product_brand?post=1470"},{"taxonomy":"product_cat","embeddable":true,"href":"https:\/\/themalbechouse.com\/ca\/wp-json\/wp\/v2\/product_cat?post=1470"},{"taxonomy":"product_tag","embeddable":true,"href":"https:\/\/themalbechouse.com\/ca\/wp-json\/wp\/v2\/product_tag?post=1470"}],"curies":[{"name":"wp","href":"https:\/\/api.w.org\/{rel}","templated":true}]}}