{"id":1482,"date":"2024-01-15T09:53:14","date_gmt":"2024-01-15T08:53:14","guid":{"rendered":"https:\/\/themalbechouse.com\/?post_type=product&#038;p=1482"},"modified":"2025-12-03T13:20:03","modified_gmt":"2025-12-03T12:20:03","slug":"springvale-riesling","status":"publish","type":"product","link":"https:\/\/themalbechouse.com\/ca\/springvale-riesling\/","title":{"rendered":"Springvale Riesling"},"content":{"rendered":"","protected":false},"excerpt":{"rendered":"<p>Aquest vi \u00e9s vibrant amb aromes a herba llimona, llima i tocs florals. Experimenta la seva intensitat, pot\u00e8ncia i estructura ferma a la boca, revelant sabors de poma verda, c\u00edtrics i pebre blanc. Un final perllongat completa aquesta experi\u00e8ncia deliciosa.<\/p>","protected":false},"featured_media":1483,"comment_status":"open","ping_status":"closed","template":"","meta":{"_acf_changed":false},"product_brand":[],"product_cat":[149],"product_tag":[],"class_list":{"0":"post-1482","1":"product","2":"type-product","3":"status-publish","4":"has-post-thumbnail","6":"product-type-blanco","7":"product-variety-riesling","8":"product-pairing-ensaladas","9":"product-pairing-mariscos","10":"product-pairing-pescado-blanco","11":"product-pairing-sushi","12":"product-winery-grosset","13":"product_cat-clare-valley","15":"first","16":"instock","17":"taxable","18":"shipping-taxable","19":"purchasable","20":"product-type-simple"},"acf":[],"_links":{"self":[{"href":"https:\/\/themalbechouse.com\/ca\/wp-json\/wp\/v2\/product\/1482","targetHints":{"allow":["GET"]}}],"collection":[{"href":"https:\/\/themalbechouse.com\/ca\/wp-json\/wp\/v2\/product"}],"about":[{"href":"https:\/\/themalbechouse.com\/ca\/wp-json\/wp\/v2\/types\/product"}],"replies":[{"embeddable":true,"href":"https:\/\/themalbechouse.com\/ca\/wp-json\/wp\/v2\/comments?post=1482"}],"wp:featuredmedia":[{"embeddable":true,"href":"https:\/\/themalbechouse.com\/ca\/wp-json\/wp\/v2\/media\/1483"}],"wp:attachment":[{"href":"https:\/\/themalbechouse.com\/ca\/wp-json\/wp\/v2\/media?parent=1482"}],"wp:term":[{"taxonomy":"product_brand","embeddable":true,"href":"https:\/\/themalbechouse.com\/ca\/wp-json\/wp\/v2\/product_brand?post=1482"},{"taxonomy":"product_cat","embeddable":true,"href":"https:\/\/themalbechouse.com\/ca\/wp-json\/wp\/v2\/product_cat?post=1482"},{"taxonomy":"product_tag","embeddable":true,"href":"https:\/\/themalbechouse.com\/ca\/wp-json\/wp\/v2\/product_tag?post=1482"}],"curies":[{"name":"wp","href":"https:\/\/api.w.org\/{rel}","templated":true}]}}