{"id":1500,"date":"2024-01-15T10:48:39","date_gmt":"2024-01-15T09:48:39","guid":{"rendered":"https:\/\/themalbechouse.com\/?post_type=product&#038;p=1500"},"modified":"2026-03-30T15:10:04","modified_gmt":"2026-03-30T13:10:04","slug":"laterite-hills-chardonnay","status":"publish","type":"product","link":"https:\/\/themalbechouse.com\/ca\/laterite-hills-chardonnay\/","title":{"rendered":"Laterite Hills Chardonnay"},"content":{"rendered":"","protected":false},"excerpt":{"rendered":"<p>Aquest vi d&#039;aromes captivadores de gingebre, pr\u00e9ssec i cera d&#039;abelles, amb notes complexes d&#039;ametlles torrades i f\u00f2sfor cremat creen l&#039;aut\u00e8ntica expressi\u00f3 de Margaret River. Crem\u00f3s i refrescant, una experi\u00e8ncia sensorial \u00fanica.<\/p>","protected":false},"featured_media":1501,"comment_status":"open","ping_status":"closed","template":"","meta":{"_acf_changed":false},"product_brand":[],"product_cat":[156],"product_tag":[],"class_list":{"0":"post-1500","1":"product","2":"type-product","3":"status-publish","4":"has-post-thumbnail","6":"product-chance-vinos-comer-con-queso","7":"product-chance-vinos-cena-especial","8":"product-type-blanco","9":"product-variety-chardonnay","10":"product-pairing-ensaladas","11":"product-pairing-pollo","12":"product-pairing-quesos","13":"product-pairing-salmon","14":"product-winery-mchenry-hohnen","15":"product_cat-margaret-river","17":"first","18":"instock","19":"taxable","20":"shipping-taxable","21":"purchasable","22":"product-type-simple"},"acf":[],"_links":{"self":[{"href":"https:\/\/themalbechouse.com\/ca\/wp-json\/wp\/v2\/product\/1500","targetHints":{"allow":["GET"]}}],"collection":[{"href":"https:\/\/themalbechouse.com\/ca\/wp-json\/wp\/v2\/product"}],"about":[{"href":"https:\/\/themalbechouse.com\/ca\/wp-json\/wp\/v2\/types\/product"}],"replies":[{"embeddable":true,"href":"https:\/\/themalbechouse.com\/ca\/wp-json\/wp\/v2\/comments?post=1500"}],"wp:featuredmedia":[{"embeddable":true,"href":"https:\/\/themalbechouse.com\/ca\/wp-json\/wp\/v2\/media\/1501"}],"wp:attachment":[{"href":"https:\/\/themalbechouse.com\/ca\/wp-json\/wp\/v2\/media?parent=1500"}],"wp:term":[{"taxonomy":"product_brand","embeddable":true,"href":"https:\/\/themalbechouse.com\/ca\/wp-json\/wp\/v2\/product_brand?post=1500"},{"taxonomy":"product_cat","embeddable":true,"href":"https:\/\/themalbechouse.com\/ca\/wp-json\/wp\/v2\/product_cat?post=1500"},{"taxonomy":"product_tag","embeddable":true,"href":"https:\/\/themalbechouse.com\/ca\/wp-json\/wp\/v2\/product_tag?post=1500"}],"curies":[{"name":"wp","href":"https:\/\/api.w.org\/{rel}","templated":true}]}}