{"id":1503,"date":"2024-01-15T11:02:56","date_gmt":"2024-01-15T10:02:56","guid":{"rendered":"https:\/\/themalbechouse.com\/?post_type=product&#038;p=1503"},"modified":"2025-12-03T13:20:06","modified_gmt":"2025-12-03T12:20:06","slug":"burnside-vineyard-chardonnay","status":"publish","type":"product","link":"https:\/\/themalbechouse.com\/ca\/burnside-vineyard-chardonnay\/","title":{"rendered":"Burnside Vineyard Chardonnay"},"content":{"rendered":"","protected":false},"excerpt":{"rendered":"<p>Aquest vi complex i delici\u00f3s desperta els sentits amb notes de crema de llimona, aranja rosada i pr\u00e9ssec a la graella. La seva alta acidesa ressalta les fruites tropicals i els fruits secs, culminant en un final crem\u00f3s inoblidable.<\/p>","protected":false},"featured_media":1504,"comment_status":"open","ping_status":"closed","template":"","meta":{"_acf_changed":false},"product_brand":[],"product_cat":[156],"product_tag":[],"class_list":{"0":"post-1503","1":"product","2":"type-product","3":"status-publish","4":"has-post-thumbnail","6":"product-chance-vinos-comer-con-queso","7":"product-chance-vinos-cena-especial","8":"product-type-blanco","9":"product-variety-chardonnay","10":"product-pairing-ensaladas","11":"product-pairing-pollo","12":"product-pairing-quesos","13":"product-pairing-salmon","14":"product-winery-mchenry-hohnen","15":"product_cat-margaret-river","17":"first","18":"instock","19":"taxable","20":"shipping-taxable","21":"purchasable","22":"product-type-simple"},"acf":[],"_links":{"self":[{"href":"https:\/\/themalbechouse.com\/ca\/wp-json\/wp\/v2\/product\/1503","targetHints":{"allow":["GET"]}}],"collection":[{"href":"https:\/\/themalbechouse.com\/ca\/wp-json\/wp\/v2\/product"}],"about":[{"href":"https:\/\/themalbechouse.com\/ca\/wp-json\/wp\/v2\/types\/product"}],"replies":[{"embeddable":true,"href":"https:\/\/themalbechouse.com\/ca\/wp-json\/wp\/v2\/comments?post=1503"}],"wp:featuredmedia":[{"embeddable":true,"href":"https:\/\/themalbechouse.com\/ca\/wp-json\/wp\/v2\/media\/1504"}],"wp:attachment":[{"href":"https:\/\/themalbechouse.com\/ca\/wp-json\/wp\/v2\/media?parent=1503"}],"wp:term":[{"taxonomy":"product_brand","embeddable":true,"href":"https:\/\/themalbechouse.com\/ca\/wp-json\/wp\/v2\/product_brand?post=1503"},{"taxonomy":"product_cat","embeddable":true,"href":"https:\/\/themalbechouse.com\/ca\/wp-json\/wp\/v2\/product_cat?post=1503"},{"taxonomy":"product_tag","embeddable":true,"href":"https:\/\/themalbechouse.com\/ca\/wp-json\/wp\/v2\/product_tag?post=1503"}],"curies":[{"name":"wp","href":"https:\/\/api.w.org\/{rel}","templated":true}]}}