{"id":1506,"date":"2024-01-15T11:10:09","date_gmt":"2024-01-15T10:10:09","guid":{"rendered":"https:\/\/themalbechouse.com\/?post_type=product&#038;p=1506"},"modified":"2025-12-03T13:20:07","modified_gmt":"2025-12-03T12:20:07","slug":"hazels-vineyard-zinfandel","status":"publish","type":"product","link":"https:\/\/themalbechouse.com\/ca\/hazels-vineyard-zinfandel\/","title":{"rendered":"Hazel&#039;s Vineyard Zinfandel"},"content":{"rendered":"","protected":false},"excerpt":{"rendered":"<p>Aquest vi d&#039;aromes sucoses de fruites cuites i tocs especiats s&#039;entrellacen en aquest Zinfandel australi\u00e0, creant una experi\u00e8ncia sensorial captivadora. El seu encant rau en l&#039;harmoniosa fusi\u00f3 de sabors vibrants i notes c\u00e0lides.<\/p>","protected":false},"featured_media":1507,"comment_status":"open","ping_status":"closed","template":"","meta":{"_acf_changed":false},"product_brand":[],"product_cat":[156],"product_tag":[],"class_list":{"0":"post-1506","1":"product","2":"type-product","3":"status-publish","4":"has-post-thumbnail","6":"product-type-tinto","7":"product-variety-zinfandel","8":"product-pairing-carnes","9":"product-pairing-cerdo","10":"product-pairing-italiana","11":"product-winery-mchenry-hohnen","12":"product_cat-margaret-river","14":"first","15":"instock","16":"taxable","17":"shipping-taxable","18":"purchasable","19":"product-type-simple"},"acf":[],"_links":{"self":[{"href":"https:\/\/themalbechouse.com\/ca\/wp-json\/wp\/v2\/product\/1506","targetHints":{"allow":["GET"]}}],"collection":[{"href":"https:\/\/themalbechouse.com\/ca\/wp-json\/wp\/v2\/product"}],"about":[{"href":"https:\/\/themalbechouse.com\/ca\/wp-json\/wp\/v2\/types\/product"}],"replies":[{"embeddable":true,"href":"https:\/\/themalbechouse.com\/ca\/wp-json\/wp\/v2\/comments?post=1506"}],"wp:featuredmedia":[{"embeddable":true,"href":"https:\/\/themalbechouse.com\/ca\/wp-json\/wp\/v2\/media\/1507"}],"wp:attachment":[{"href":"https:\/\/themalbechouse.com\/ca\/wp-json\/wp\/v2\/media?parent=1506"}],"wp:term":[{"taxonomy":"product_brand","embeddable":true,"href":"https:\/\/themalbechouse.com\/ca\/wp-json\/wp\/v2\/product_brand?post=1506"},{"taxonomy":"product_cat","embeddable":true,"href":"https:\/\/themalbechouse.com\/ca\/wp-json\/wp\/v2\/product_cat?post=1506"},{"taxonomy":"product_tag","embeddable":true,"href":"https:\/\/themalbechouse.com\/ca\/wp-json\/wp\/v2\/product_tag?post=1506"}],"curies":[{"name":"wp","href":"https:\/\/api.w.org\/{rel}","templated":true}]}}