{"id":1518,"date":"2024-01-16T10:16:08","date_gmt":"2024-01-16T09:16:08","guid":{"rendered":"https:\/\/themalbechouse.com\/?post_type=product&#038;p=1518"},"modified":"2026-04-14T13:29:25","modified_gmt":"2026-04-14T11:29:25","slug":"la-posta-pizella-malbec","status":"publish","type":"product","link":"https:\/\/themalbechouse.com\/ca\/la-posta-pizella-malbec\/","title":{"rendered":"La Posta Pizella Malbec"},"content":{"rendered":"","protected":false},"excerpt":{"rendered":"<p>Aquest vi desperta els sentits amb frag\u00e0ncies intenses a fruits negres, xocolata fosca i esp\u00e8cies. Cada glop \u00e9s un plaer, amb la seva complexitat i suavitat que captiven, brindant una experi\u00e8ncia sensorial inoblidable.<\/p>","protected":false},"featured_media":1519,"comment_status":"open","ping_status":"closed","template":"","meta":{"_acf_changed":false},"product_brand":[],"product_cat":[125],"product_tag":[],"class_list":{"0":"post-1518","1":"product","2":"type-product","3":"status-publish","4":"has-post-thumbnail","6":"product-chance-vinos-para-fiesta","7":"product-type-tinto","8":"product-variety-malbec","9":"product-pairing-argentina","10":"product-pairing-carnes","11":"product-winery-la-posta","12":"product_cat-valle-de-uco","14":"first","15":"instock","16":"taxable","17":"shipping-taxable","18":"purchasable","19":"product-type-simple"},"acf":[],"_links":{"self":[{"href":"https:\/\/themalbechouse.com\/ca\/wp-json\/wp\/v2\/product\/1518","targetHints":{"allow":["GET"]}}],"collection":[{"href":"https:\/\/themalbechouse.com\/ca\/wp-json\/wp\/v2\/product"}],"about":[{"href":"https:\/\/themalbechouse.com\/ca\/wp-json\/wp\/v2\/types\/product"}],"replies":[{"embeddable":true,"href":"https:\/\/themalbechouse.com\/ca\/wp-json\/wp\/v2\/comments?post=1518"}],"wp:featuredmedia":[{"embeddable":true,"href":"https:\/\/themalbechouse.com\/ca\/wp-json\/wp\/v2\/media\/1519"}],"wp:attachment":[{"href":"https:\/\/themalbechouse.com\/ca\/wp-json\/wp\/v2\/media?parent=1518"}],"wp:term":[{"taxonomy":"product_brand","embeddable":true,"href":"https:\/\/themalbechouse.com\/ca\/wp-json\/wp\/v2\/product_brand?post=1518"},{"taxonomy":"product_cat","embeddable":true,"href":"https:\/\/themalbechouse.com\/ca\/wp-json\/wp\/v2\/product_cat?post=1518"},{"taxonomy":"product_tag","embeddable":true,"href":"https:\/\/themalbechouse.com\/ca\/wp-json\/wp\/v2\/product_tag?post=1518"}],"curies":[{"name":"wp","href":"https:\/\/api.w.org\/{rel}","templated":true}]}}