{"id":1553,"date":"2024-01-16T11:49:14","date_gmt":"2024-01-16T10:49:14","guid":{"rendered":"https:\/\/themalbechouse.com\/?post_type=product&#038;p=1553"},"modified":"2025-12-03T13:20:17","modified_gmt":"2025-12-03T12:20:17","slug":"the-redhead-shiraz","status":"publish","type":"product","link":"https:\/\/themalbechouse.com\/ca\/the-redhead-shiraz\/","title":{"rendered":"The Redhead Shiraz"},"content":{"rendered":"","protected":false},"excerpt":{"rendered":"<p>Aquest vi sedueix amb tocs de roure i esp\u00e8cies i aromes fumades i terroses. Ric, profund i sabor\u00f3s, desplega un cos complet que abra\u00e7a amb tanins ferms i culmina en un final llarg i gratificant.<\/p>","protected":false},"featured_media":1442,"comment_status":"open","ping_status":"closed","template":"","meta":{"_acf_changed":false},"product_brand":[],"product_cat":[147],"product_tag":[],"class_list":{"0":"post-1553","1":"product","2":"type-product","3":"status-publish","4":"has-post-thumbnail","6":"product-chance-regalar","7":"product-chance-vinos-cena-especial","8":"product-type-tinto","9":"product-variety-shiraz","10":"product-pairing-caza","11":"product-pairing-cordero","12":"product-pairing-ternera","13":"product-winery-head","14":"product_cat-barossa-valley","16":"first","17":"instock","18":"taxable","19":"shipping-taxable","20":"purchasable","21":"product-type-simple"},"acf":[],"_links":{"self":[{"href":"https:\/\/themalbechouse.com\/ca\/wp-json\/wp\/v2\/product\/1553","targetHints":{"allow":["GET"]}}],"collection":[{"href":"https:\/\/themalbechouse.com\/ca\/wp-json\/wp\/v2\/product"}],"about":[{"href":"https:\/\/themalbechouse.com\/ca\/wp-json\/wp\/v2\/types\/product"}],"replies":[{"embeddable":true,"href":"https:\/\/themalbechouse.com\/ca\/wp-json\/wp\/v2\/comments?post=1553"}],"wp:featuredmedia":[{"embeddable":true,"href":"https:\/\/themalbechouse.com\/ca\/wp-json\/wp\/v2\/media\/1442"}],"wp:attachment":[{"href":"https:\/\/themalbechouse.com\/ca\/wp-json\/wp\/v2\/media?parent=1553"}],"wp:term":[{"taxonomy":"product_brand","embeddable":true,"href":"https:\/\/themalbechouse.com\/ca\/wp-json\/wp\/v2\/product_brand?post=1553"},{"taxonomy":"product_cat","embeddable":true,"href":"https:\/\/themalbechouse.com\/ca\/wp-json\/wp\/v2\/product_cat?post=1553"},{"taxonomy":"product_tag","embeddable":true,"href":"https:\/\/themalbechouse.com\/ca\/wp-json\/wp\/v2\/product_tag?post=1553"}],"curies":[{"name":"wp","href":"https:\/\/api.w.org\/{rel}","templated":true}]}}