{"id":1555,"date":"2024-01-17T10:08:11","date_gmt":"2024-01-17T09:08:11","guid":{"rendered":"https:\/\/themalbechouse.com\/?post_type=product&#038;p=1555"},"modified":"2025-12-03T13:20:17","modified_gmt":"2025-12-03T12:20:17","slug":"rayner-vineyard-grenache","status":"publish","type":"product","link":"https:\/\/themalbechouse.com\/ca\/rayner-vineyard-grenache\/","title":{"rendered":"Rayner Vineyard Grenache"},"content":{"rendered":"","protected":false},"excerpt":{"rendered":"<p>Aquest vi captiva amb les seves aromes vibrants de gerds, maduixa escalfada, nou i esp\u00e8cies, abra\u00e7ats per un delicat perfum a menta i roses seques. Amb cos mitj\u00e0, tanins fins i sabors de maduixes madures, avellanes i mentol. El seu final \u00e9s llarg, sabor\u00f3s i discretament dol\u00e7.<\/p>","protected":false},"featured_media":1556,"comment_status":"open","ping_status":"closed","template":"","meta":{"_acf_changed":false},"product_brand":[],"product_cat":[151],"product_tag":[],"class_list":{"0":"post-1555","1":"product","2":"type-product","3":"status-publish","4":"has-post-thumbnail","6":"product-chance-vinos-aprender","7":"product-type-tinto","8":"product-variety-garnacha","9":"product-pairing-aves","10":"product-pairing-caza","11":"product-pairing-cordero","12":"product-winery-bondar","13":"product_cat-mclaren-vale","15":"first","16":"instock","17":"taxable","18":"shipping-taxable","19":"purchasable","20":"product-type-simple"},"acf":[],"_links":{"self":[{"href":"https:\/\/themalbechouse.com\/ca\/wp-json\/wp\/v2\/product\/1555","targetHints":{"allow":["GET"]}}],"collection":[{"href":"https:\/\/themalbechouse.com\/ca\/wp-json\/wp\/v2\/product"}],"about":[{"href":"https:\/\/themalbechouse.com\/ca\/wp-json\/wp\/v2\/types\/product"}],"replies":[{"embeddable":true,"href":"https:\/\/themalbechouse.com\/ca\/wp-json\/wp\/v2\/comments?post=1555"}],"wp:featuredmedia":[{"embeddable":true,"href":"https:\/\/themalbechouse.com\/ca\/wp-json\/wp\/v2\/media\/1556"}],"wp:attachment":[{"href":"https:\/\/themalbechouse.com\/ca\/wp-json\/wp\/v2\/media?parent=1555"}],"wp:term":[{"taxonomy":"product_brand","embeddable":true,"href":"https:\/\/themalbechouse.com\/ca\/wp-json\/wp\/v2\/product_brand?post=1555"},{"taxonomy":"product_cat","embeddable":true,"href":"https:\/\/themalbechouse.com\/ca\/wp-json\/wp\/v2\/product_cat?post=1555"},{"taxonomy":"product_tag","embeddable":true,"href":"https:\/\/themalbechouse.com\/ca\/wp-json\/wp\/v2\/product_tag?post=1555"}],"curies":[{"name":"wp","href":"https:\/\/api.w.org\/{rel}","templated":true}]}}