{"id":1561,"date":"2024-01-17T10:21:50","date_gmt":"2024-01-17T09:21:50","guid":{"rendered":"https:\/\/themalbechouse.com\/?post_type=product&#038;p=1561"},"modified":"2025-12-03T13:20:18","modified_gmt":"2025-12-03T12:20:18","slug":"bondar-violet-hour-shiraz","status":"publish","type":"product","link":"https:\/\/themalbechouse.com\/ca\/bondar-violet-hour-shiraz\/","title":{"rendered":"Bondar Violet Hour Shiraz"},"content":{"rendered":"","protected":false},"excerpt":{"rendered":"<p>Aquest vi desperta els sentits amb el seu bouquet de flors seques, m\u00f3res i regal\u00e8ssia. Carn\u00f3s i ple de fruits negres, esp\u00e8cies i xampinyons. Tanins rics que culminen en un final llarg i afruitat. <\/p>","protected":false},"featured_media":1562,"comment_status":"open","ping_status":"closed","template":"","meta":{"_acf_changed":false},"product_brand":[],"product_cat":[151],"product_tag":[],"class_list":{"0":"post-1561","1":"product","2":"type-product","3":"status-publish","4":"has-post-thumbnail","6":"product-chance-vinos-para-fiesta","7":"product-type-tinto","8":"product-variety-shiraz","9":"product-pairing-carnes","10":"product-pairing-caza","11":"product-pairing-cordero","12":"product-winery-bondar","13":"product_cat-mclaren-vale","15":"first","16":"instock","17":"taxable","18":"shipping-taxable","19":"purchasable","20":"product-type-simple"},"acf":[],"_links":{"self":[{"href":"https:\/\/themalbechouse.com\/ca\/wp-json\/wp\/v2\/product\/1561","targetHints":{"allow":["GET"]}}],"collection":[{"href":"https:\/\/themalbechouse.com\/ca\/wp-json\/wp\/v2\/product"}],"about":[{"href":"https:\/\/themalbechouse.com\/ca\/wp-json\/wp\/v2\/types\/product"}],"replies":[{"embeddable":true,"href":"https:\/\/themalbechouse.com\/ca\/wp-json\/wp\/v2\/comments?post=1561"}],"wp:featuredmedia":[{"embeddable":true,"href":"https:\/\/themalbechouse.com\/ca\/wp-json\/wp\/v2\/media\/1562"}],"wp:attachment":[{"href":"https:\/\/themalbechouse.com\/ca\/wp-json\/wp\/v2\/media?parent=1561"}],"wp:term":[{"taxonomy":"product_brand","embeddable":true,"href":"https:\/\/themalbechouse.com\/ca\/wp-json\/wp\/v2\/product_brand?post=1561"},{"taxonomy":"product_cat","embeddable":true,"href":"https:\/\/themalbechouse.com\/ca\/wp-json\/wp\/v2\/product_cat?post=1561"},{"taxonomy":"product_tag","embeddable":true,"href":"https:\/\/themalbechouse.com\/ca\/wp-json\/wp\/v2\/product_tag?post=1561"}],"curies":[{"name":"wp","href":"https:\/\/api.w.org\/{rel}","templated":true}]}}