{"id":1567,"date":"2024-01-18T11:38:02","date_gmt":"2024-01-18T10:38:02","guid":{"rendered":"https:\/\/themalbechouse.com\/?post_type=product&#038;p=1567"},"modified":"2025-12-03T13:20:19","modified_gmt":"2025-12-03T12:20:19","slug":"confluence-grenache","status":"publish","type":"product","link":"https:\/\/themalbechouse.com\/ca\/confluence-grenache\/","title":{"rendered":"Confluence Grenache"},"content":{"rendered":"","protected":false},"excerpt":{"rendered":"<p>Aquest vi desplega aromes vibrants de gerds, esp\u00e8cies de canyella i regal\u00e8ssia, complementats per tocs herbals fascinants. A la boca, gaudeix de prunes sucoses, maduixes silvestres i s\u00e0ndal, tot envoltat de tanins fins i una longitud exemplar. Un delit sensorial captivador.<\/p>","protected":false},"featured_media":1568,"comment_status":"open","ping_status":"closed","template":"","meta":{"_acf_changed":false},"product_brand":[],"product_cat":[151],"product_tag":[],"class_list":{"0":"post-1567","1":"product","2":"type-product","3":"status-publish","4":"has-post-thumbnail","6":"product-chance-vinos-aprender","7":"product-chance-vinos-comer-con-queso","8":"product-chance-vinos-para-fiesta","9":"product-type-tinto","10":"product-variety-garnacha","11":"product-pairing-cerdo","12":"product-pairing-aves","13":"product-pairing-caza","14":"product-pairing-quesos","15":"product-winery-aphelion","16":"product_cat-mclaren-vale","18":"first","19":"instock","20":"taxable","21":"shipping-taxable","22":"purchasable","23":"product-type-simple"},"acf":[],"_links":{"self":[{"href":"https:\/\/themalbechouse.com\/ca\/wp-json\/wp\/v2\/product\/1567","targetHints":{"allow":["GET"]}}],"collection":[{"href":"https:\/\/themalbechouse.com\/ca\/wp-json\/wp\/v2\/product"}],"about":[{"href":"https:\/\/themalbechouse.com\/ca\/wp-json\/wp\/v2\/types\/product"}],"replies":[{"embeddable":true,"href":"https:\/\/themalbechouse.com\/ca\/wp-json\/wp\/v2\/comments?post=1567"}],"wp:featuredmedia":[{"embeddable":true,"href":"https:\/\/themalbechouse.com\/ca\/wp-json\/wp\/v2\/media\/1568"}],"wp:attachment":[{"href":"https:\/\/themalbechouse.com\/ca\/wp-json\/wp\/v2\/media?parent=1567"}],"wp:term":[{"taxonomy":"product_brand","embeddable":true,"href":"https:\/\/themalbechouse.com\/ca\/wp-json\/wp\/v2\/product_brand?post=1567"},{"taxonomy":"product_cat","embeddable":true,"href":"https:\/\/themalbechouse.com\/ca\/wp-json\/wp\/v2\/product_cat?post=1567"},{"taxonomy":"product_tag","embeddable":true,"href":"https:\/\/themalbechouse.com\/ca\/wp-json\/wp\/v2\/product_tag?post=1567"}],"curies":[{"name":"wp","href":"https:\/\/api.w.org\/{rel}","templated":true}]}}