{"id":1954,"date":"2024-05-13T18:43:09","date_gmt":"2024-05-13T16:43:09","guid":{"rendered":"https:\/\/themalbechouse.com\/?post_type=product&#038;p=1954"},"modified":"2025-12-03T13:20:22","modified_gmt":"2025-12-03T12:20:22","slug":"mullineux-kloof-street-old-vine-chenin-blanc","status":"publish","type":"product","link":"https:\/\/themalbechouse.com\/ca\/mullineux-kloof-street-old-vine-chenin-blanc\/","title":{"rendered":"Mullineux Kloof Street Old Vine Chenin Blanc"},"content":{"rendered":"","protected":false},"excerpt":{"rendered":"<p>Excel\u00b7lent relaci\u00f3 qualitat-preu per a aquest Chenin Blanc sud-afric\u00e0, provinent de vinyes sostenibles a Swartland, amb ra\u00efms de Kasteelberg i Paardeberg. Salut!<\/p>","protected":false},"featured_media":1935,"comment_status":"open","ping_status":"closed","template":"","meta":{"_acf_changed":false},"product_brand":[],"product_cat":[138],"product_tag":[],"class_list":{"0":"post-1954","1":"product","2":"type-product","3":"status-publish","4":"has-post-thumbnail","6":"product-chance-cena-con-amigos","7":"product-chance-vinos-comer-con-queso","8":"product-type-blanco","9":"product-variety-chenin-blanc","10":"product-pairing-aves","11":"product-pairing-ensaladas","12":"product-pairing-mariscos","13":"product-pairing-quesos","14":"product-winery-mullineux","15":"product-state-nuevo","16":"product_cat-swartland","18":"first","19":"outofstock","20":"taxable","21":"shipping-taxable","22":"purchasable","23":"product-type-simple"},"acf":[],"_links":{"self":[{"href":"https:\/\/themalbechouse.com\/ca\/wp-json\/wp\/v2\/product\/1954","targetHints":{"allow":["GET"]}}],"collection":[{"href":"https:\/\/themalbechouse.com\/ca\/wp-json\/wp\/v2\/product"}],"about":[{"href":"https:\/\/themalbechouse.com\/ca\/wp-json\/wp\/v2\/types\/product"}],"replies":[{"embeddable":true,"href":"https:\/\/themalbechouse.com\/ca\/wp-json\/wp\/v2\/comments?post=1954"}],"wp:featuredmedia":[{"embeddable":true,"href":"https:\/\/themalbechouse.com\/ca\/wp-json\/wp\/v2\/media\/1935"}],"wp:attachment":[{"href":"https:\/\/themalbechouse.com\/ca\/wp-json\/wp\/v2\/media?parent=1954"}],"wp:term":[{"taxonomy":"product_brand","embeddable":true,"href":"https:\/\/themalbechouse.com\/ca\/wp-json\/wp\/v2\/product_brand?post=1954"},{"taxonomy":"product_cat","embeddable":true,"href":"https:\/\/themalbechouse.com\/ca\/wp-json\/wp\/v2\/product_cat?post=1954"},{"taxonomy":"product_tag","embeddable":true,"href":"https:\/\/themalbechouse.com\/ca\/wp-json\/wp\/v2\/product_tag?post=1954"}],"curies":[{"name":"wp","href":"https:\/\/api.w.org\/{rel}","templated":true}]}}