{"id":2041,"date":"2024-06-12T17:59:06","date_gmt":"2024-06-12T15:59:06","guid":{"rendered":"https:\/\/themalbechouse.com\/?post_type=product&#038;p=2041"},"modified":"2026-02-13T16:08:47","modified_gmt":"2026-02-13T15:08:47","slug":"combel-la-serre-le-pur-fruit-du-causse","status":"publish","type":"product","link":"https:\/\/themalbechouse.com\/ca\/combel-la-serre-le-pur-fruit-du-causse\/","title":{"rendered":"Combel-la-Serre Le Pur Fruit du Causse 2022"},"content":{"rendered":"","protected":false},"excerpt":{"rendered":"<p>Un Malbec de Cahors jove i fresc que reflecteix la dedicaci\u00f3 de Julien i Sophie ILBERT a Combel-la-Serre. Cultivat al Causse Calcaire amb m\u00e8todes biol\u00f2gics, ofereix un sabor vibrant i aut\u00e8ntic, ple de tradici\u00f3 i respecte per la natura. Salut!<\/p>","protected":false},"featured_media":2036,"comment_status":"open","ping_status":"closed","template":"","meta":{"_acf_changed":false},"product_brand":[],"product_cat":[461],"product_tag":[518,516,517,519],"class_list":{"0":"post-2041","1":"product","2":"type-product","3":"status-publish","4":"has-post-thumbnail","6":"product-chance-cena-con-amigos","7":"product-chance-vinos-para-fiesta","8":"product-type-tinto","9":"product-variety-malbec","10":"product-pairing-bistec","11":"product-pairing-francesa","12":"product-pairing-pato","13":"product-winery-combel-la-serre","14":"product-state-nuevo","15":"product_cat-cahors","16":"product_tag-chaos","17":"product_tag-combel-la-serre","18":"product_tag-malbec","19":"product_tag-sud-ouest","21":"first","22":"instock","23":"taxable","24":"shipping-taxable","25":"purchasable","26":"product-type-simple"},"acf":[],"_links":{"self":[{"href":"https:\/\/themalbechouse.com\/ca\/wp-json\/wp\/v2\/product\/2041","targetHints":{"allow":["GET"]}}],"collection":[{"href":"https:\/\/themalbechouse.com\/ca\/wp-json\/wp\/v2\/product"}],"about":[{"href":"https:\/\/themalbechouse.com\/ca\/wp-json\/wp\/v2\/types\/product"}],"replies":[{"embeddable":true,"href":"https:\/\/themalbechouse.com\/ca\/wp-json\/wp\/v2\/comments?post=2041"}],"wp:featuredmedia":[{"embeddable":true,"href":"https:\/\/themalbechouse.com\/ca\/wp-json\/wp\/v2\/media\/2036"}],"wp:attachment":[{"href":"https:\/\/themalbechouse.com\/ca\/wp-json\/wp\/v2\/media?parent=2041"}],"wp:term":[{"taxonomy":"product_brand","embeddable":true,"href":"https:\/\/themalbechouse.com\/ca\/wp-json\/wp\/v2\/product_brand?post=2041"},{"taxonomy":"product_cat","embeddable":true,"href":"https:\/\/themalbechouse.com\/ca\/wp-json\/wp\/v2\/product_cat?post=2041"},{"taxonomy":"product_tag","embeddable":true,"href":"https:\/\/themalbechouse.com\/ca\/wp-json\/wp\/v2\/product_tag?post=2041"}],"curies":[{"name":"wp","href":"https:\/\/api.w.org\/{rel}","templated":true}]}}