{"id":2042,"date":"2024-06-12T18:24:48","date_gmt":"2024-06-12T16:24:48","guid":{"rendered":"https:\/\/themalbechouse.com\/?post_type=product&#038;p=2042"},"modified":"2026-04-11T18:52:10","modified_gmt":"2026-04-11T16:52:10","slug":"combel-la-serre-cuvee-chateau","status":"publish","type":"product","link":"https:\/\/themalbechouse.com\/ca\/combel-la-serre-cuvee-chateau\/","title":{"rendered":"Combel-La-Serre Cuv?e Ch?teau 2020"},"content":{"rendered":"","protected":false},"excerpt":{"rendered":"<p>Un Malbec de Cahors elaborat per Julien i Sophie ILBERT a Combel-la-Serre. Cultivat a Cournou amb m\u00e8todes biol\u00f2gics, aquest vi \u00fanic es fermenta en b\u00f3tes de ciment i es cria en antigues b\u00f3tes de roure. Salut!<\/p>","protected":false},"featured_media":2037,"comment_status":"open","ping_status":"closed","template":"","meta":{"_acf_changed":false},"product_brand":[],"product_cat":[461],"product_tag":[521,516,517,519],"class_list":{"0":"post-2042","1":"product","2":"type-product","3":"status-publish","4":"has-post-thumbnail","6":"product-chance-cena-con-amigos","7":"product-type-tinto","8":"product-variety-malbec","9":"product-pairing-francesa","10":"product-pairing-guisos","11":"product-pairing-pato","12":"product-winery-combel-la-serre","13":"product-state-nuevo","14":"product_cat-cahors","15":"product_tag-cahors","16":"product_tag-combel-la-serre","17":"product_tag-malbec","18":"product_tag-sud-ouest","20":"first","21":"instock","22":"taxable","23":"shipping-taxable","24":"purchasable","25":"product-type-simple"},"acf":[],"_links":{"self":[{"href":"https:\/\/themalbechouse.com\/ca\/wp-json\/wp\/v2\/product\/2042","targetHints":{"allow":["GET"]}}],"collection":[{"href":"https:\/\/themalbechouse.com\/ca\/wp-json\/wp\/v2\/product"}],"about":[{"href":"https:\/\/themalbechouse.com\/ca\/wp-json\/wp\/v2\/types\/product"}],"replies":[{"embeddable":true,"href":"https:\/\/themalbechouse.com\/ca\/wp-json\/wp\/v2\/comments?post=2042"}],"wp:featuredmedia":[{"embeddable":true,"href":"https:\/\/themalbechouse.com\/ca\/wp-json\/wp\/v2\/media\/2037"}],"wp:attachment":[{"href":"https:\/\/themalbechouse.com\/ca\/wp-json\/wp\/v2\/media?parent=2042"}],"wp:term":[{"taxonomy":"product_brand","embeddable":true,"href":"https:\/\/themalbechouse.com\/ca\/wp-json\/wp\/v2\/product_brand?post=2042"},{"taxonomy":"product_cat","embeddable":true,"href":"https:\/\/themalbechouse.com\/ca\/wp-json\/wp\/v2\/product_cat?post=2042"},{"taxonomy":"product_tag","embeddable":true,"href":"https:\/\/themalbechouse.com\/ca\/wp-json\/wp\/v2\/product_tag?post=2042"}],"curies":[{"name":"wp","href":"https:\/\/api.w.org\/{rel}","templated":true}]}}