{"id":2131,"date":"2024-07-19T18:38:14","date_gmt":"2024-07-19T16:38:14","guid":{"rendered":"https:\/\/themalbechouse.com\/?post_type=product&#038;p=2131"},"modified":"2025-12-03T13:20:38","modified_gmt":"2025-12-03T12:20:38","slug":"rapaura-springs-bull-paddock-vineyard","status":"publish","type":"product","link":"https:\/\/themalbechouse.com\/ca\/rapaura-springs-bull-paddock-vineyard\/","title":{"rendered":"Rapaura Springs Bull Paddock Vineyard 2022"},"content":{"rendered":"","protected":false},"excerpt":{"rendered":"<p>El Rapaura Spring Bull Paddock 2022 captura l&#039;ess\u00e8ncia vibrant de la regi\u00f3 de Marlborough amb les notes fresques i afruitades, destacant els sabors de fruites tropicals i c\u00edtrics. Perfecte per a una tarda d\u00b4estiu amb amics Salut!<\/p>","protected":false},"featured_media":2122,"comment_status":"open","ping_status":"closed","template":"","meta":{"_acf_changed":false},"product_brand":[],"product_cat":[162],"product_tag":[],"class_list":{"0":"post-2131","1":"product","2":"type-product","3":"status-publish","4":"has-post-thumbnail","6":"product-chance-cena-con-amigos","7":"product-chance-vinos-comer-con-queso","8":"product-chance-vinos-para-fiesta","9":"product-type-blanco","10":"product-variety-sauvignon-blanc","11":"product-pairing-aperitivos","12":"product-pairing-ensaladas","13":"product-pairing-mariscos","14":"product-pairing-sushi","15":"product-winery-rapaura-springs","16":"product-state-nuevo","17":"product_cat-marlborough","19":"first","20":"instock","21":"taxable","22":"shipping-taxable","23":"purchasable","24":"product-type-simple"},"acf":[],"_links":{"self":[{"href":"https:\/\/themalbechouse.com\/ca\/wp-json\/wp\/v2\/product\/2131","targetHints":{"allow":["GET"]}}],"collection":[{"href":"https:\/\/themalbechouse.com\/ca\/wp-json\/wp\/v2\/product"}],"about":[{"href":"https:\/\/themalbechouse.com\/ca\/wp-json\/wp\/v2\/types\/product"}],"replies":[{"embeddable":true,"href":"https:\/\/themalbechouse.com\/ca\/wp-json\/wp\/v2\/comments?post=2131"}],"wp:featuredmedia":[{"embeddable":true,"href":"https:\/\/themalbechouse.com\/ca\/wp-json\/wp\/v2\/media\/2122"}],"wp:attachment":[{"href":"https:\/\/themalbechouse.com\/ca\/wp-json\/wp\/v2\/media?parent=2131"}],"wp:term":[{"taxonomy":"product_brand","embeddable":true,"href":"https:\/\/themalbechouse.com\/ca\/wp-json\/wp\/v2\/product_brand?post=2131"},{"taxonomy":"product_cat","embeddable":true,"href":"https:\/\/themalbechouse.com\/ca\/wp-json\/wp\/v2\/product_cat?post=2131"},{"taxonomy":"product_tag","embeddable":true,"href":"https:\/\/themalbechouse.com\/ca\/wp-json\/wp\/v2\/product_tag?post=2131"}],"curies":[{"name":"wp","href":"https:\/\/api.w.org\/{rel}","templated":true}]}}