{"id":2394,"date":"2025-06-18T10:01:30","date_gmt":"2025-06-18T08:01:30","guid":{"rendered":"https:\/\/themalbechouse.com\/?post_type=product&#038;p=2394"},"modified":"2026-03-07T15:51:44","modified_gmt":"2026-03-07T14:51:44","slug":"seleccion-tmh-seleccion-de-vinos","status":"publish","type":"product","link":"https:\/\/themalbechouse.com\/ca\/seleccion-tmh-seleccion-de-vinos\/","title":{"rendered":"Selecci\u00f3n tMH"},"content":{"rendered":"","protected":false},"excerpt":{"rendered":"<p data-start=\"348\" data-end=\"520\">La <strong data-start=\"351\" data-end=\"387\">Selecci\u00f3n tMH (the Malbec House)<\/strong> es nuestra suscripci\u00f3n de vinos pensada para quienes disfrutan <strong data-start=\"451\" data-end=\"519\">descubriendo botellas \u00fanicas y peque\u00f1os productores en cada copa<\/strong>.<\/p>\n<p data-start=\"522\" data-end=\"843\">Cada mes \u2014o cada dos meses\u2014 recibir\u00e1s en casa <strong data-start=\"568\" data-end=\"627\">6 vinos cuidadosamente seleccionados por nuestro equipo<\/strong>, una combinaci\u00f3n de etiquetas procedentes de <strong data-start=\"673\" data-end=\"701\">Europa y del Nuevo Mundo<\/strong>, elaboradas por bodegas independientes que trabajan con respeto por la tierra, producciones limitadas y una filosof\u00eda de m\u00ednima intervenci\u00f3n.<\/p>\n<p data-start=\"845\" data-end=\"1115\">Nuestra selecci\u00f3n cambia en cada env\u00edo y puede incluir <strong data-start=\"900\" data-end=\"973\">vinos blancos, tintos, rosados, orange wines o espumosos<\/strong>, siempre con un mismo objetivo: acercarte vinos con identidad, que expresan su origen, su terroir y las variedades aut\u00f3ctonas de cada regi\u00f3n.<\/p>\n<p data-start=\"1117\" data-end=\"1326\">La <strong data-start=\"1120\" data-end=\"1137\">Selecci\u00f3n TMH<\/strong> no es solo una caja de vino: es una forma de explorar el mundo del vino a trav\u00e9s de <strong data-start=\"1222\" data-end=\"1325\">proyectos aut\u00e9nticos, regiones sorprendentes y productores que trabajan con personalidad y car\u00e1cter<\/strong><\/p>\n<hr data-start=\"1328\" data-end=\"1331\" \/>\n<p data-start=\"1333\" data-end=\"1367\">Qu\u00e9 incluye:<\/p>\n<p data-start=\"1369\" data-end=\"1739\">\u2022 <strong data-start=\"1371\" data-end=\"1411\">6 vinos seleccionados cuidadosamente<\/strong> de peque\u00f1as bodegas y producciones limitadas.<br data-start=\"1457\" data-end=\"1460\" \/>\u2022 <strong data-start=\"1462\" data-end=\"1503\">Ficha t\u00e9cnica y contexto de cada vino<\/strong>, para conocer su origen, variedades y filosof\u00eda de elaboraci\u00f3n.<br data-start=\"1567\" data-end=\"1570\" \/>\u2022 <strong data-start=\"1572\" data-end=\"1603\">Acceso a precios exclusivos<\/strong> en nuestra tienda f\u00edsica y online.<br data-start=\"1638\" data-end=\"1641\" \/>\u2022 <strong data-start=\"1643\" data-end=\"1705\">Prioridad para participar en catas, eventos y experiencias<\/strong> organizadas por The Malbec House.<\/p>","protected":false},"featured_media":2395,"comment_status":"open","ping_status":"closed","template":"","meta":{"_acf_changed":false},"product_brand":[],"product_cat":[555],"product_tag":[669,666,667,668],"class_list":{"0":"post-2394","1":"product","2":"type-product","3":"status-publish","4":"has-post-thumbnail","6":"product-chance-club-de-vinos","7":"product_cat-varias-procedencias","8":"product_tag-pequenos-productores-de-vino","9":"product_tag-seleccion-mensual-de-vinos","10":"product_tag-seleccion-tmh","11":"product_tag-vinos-de-minima-intervencion","13":"first","14":"instock","15":"taxable","16":"shipping-taxable","17":"purchasable","18":"product-type-variable-subscription"},"acf":[],"_links":{"self":[{"href":"https:\/\/themalbechouse.com\/ca\/wp-json\/wp\/v2\/product\/2394","targetHints":{"allow":["GET"]}}],"collection":[{"href":"https:\/\/themalbechouse.com\/ca\/wp-json\/wp\/v2\/product"}],"about":[{"href":"https:\/\/themalbechouse.com\/ca\/wp-json\/wp\/v2\/types\/product"}],"replies":[{"embeddable":true,"href":"https:\/\/themalbechouse.com\/ca\/wp-json\/wp\/v2\/comments?post=2394"}],"wp:featuredmedia":[{"embeddable":true,"href":"https:\/\/themalbechouse.com\/ca\/wp-json\/wp\/v2\/media\/2395"}],"wp:attachment":[{"href":"https:\/\/themalbechouse.com\/ca\/wp-json\/wp\/v2\/media?parent=2394"}],"wp:term":[{"taxonomy":"product_brand","embeddable":true,"href":"https:\/\/themalbechouse.com\/ca\/wp-json\/wp\/v2\/product_brand?post=2394"},{"taxonomy":"product_cat","embeddable":true,"href":"https:\/\/themalbechouse.com\/ca\/wp-json\/wp\/v2\/product_cat?post=2394"},{"taxonomy":"product_tag","embeddable":true,"href":"https:\/\/themalbechouse.com\/ca\/wp-json\/wp\/v2\/product_tag?post=2394"}],"curies":[{"name":"wp","href":"https:\/\/api.w.org\/{rel}","templated":true}]}}