{"id":2529,"date":"2025-10-30T18:00:58","date_gmt":"2025-10-30T17:00:58","guid":{"rendered":"https:\/\/themalbechouse.com\/?post_type=product&#038;p=2529"},"modified":"2025-12-13T14:24:26","modified_gmt":"2025-12-13T13:24:26","slug":"rubus-quercus-2023","status":"publish","type":"product","link":"https:\/\/themalbechouse.com\/ca\/rubus-quercus-2023\/","title":{"rendered":"Rubus Quercus 2023"},"content":{"rendered":"<p>Rubus Quercus 2023 es un coupage de Garnacha y Miguel de Arco procedente de vi\u00f1edos de monta\u00f1a a 900 metros en el Sistema Ib\u00e9rico. Fermentado en acero inoxidable y criado 6 meses en barricas de 400 L m\u00e1s 3 meses en hormig\u00f3n, ofrece un perfil elegante, fresco y profundamente mineral. Una edici\u00f3n limitada que captura la esencia del Jiloca y sus suelos arcillo-f\u00e9rricos con cuarcita.<\/p>","protected":false},"excerpt":{"rendered":"<p>Rubus Quercus 2023 es un coupage de Garnacha y Miguel de Arco procedente de vi\u00f1edos de monta\u00f1a a 900 metros en el Sistema Ib\u00e9rico. Fermentado en acero inoxidable y criado 6 meses en barricas de 400 L m\u00e1s 3 meses en hormig\u00f3n, ofrece un perfil elegante, fresco y profundamente mineral. Una edici\u00f3n limitada que captura la esencia del Jiloca y sus suelos arcillo-f\u00e9rricos con cuarcita.<\/p>","protected":false},"featured_media":2537,"comment_status":"open","ping_status":"closed","template":"","meta":{"_acf_changed":false},"product_brand":[],"product_cat":[437],"product_tag":[663,618,661,665,664],"class_list":{"0":"post-2529","1":"product","2":"type-product","3":"status-publish","4":"has-post-thumbnail","6":"product-chance-cena-con-amigos","7":"product-chance-regalar","8":"product-type-tinto","9":"product-variety-red-blend","10":"product-pairing-bistec","11":"product-pairing-caza","12":"product-pairing-embutidos","13":"product-pairing-espanola","14":"product-winery-rubus","15":"product-state-nuevo","16":"product_cat-espana","17":"product_tag-quercus","18":"product_tag-rubus","19":"product_tag-teruel","20":"product_tag-vino-de-altura","21":"product_tag-vino-tinto","23":"first","24":"instock","25":"taxable","26":"shipping-taxable","27":"purchasable","28":"product-type-simple"},"acf":[],"_links":{"self":[{"href":"https:\/\/themalbechouse.com\/ca\/wp-json\/wp\/v2\/product\/2529","targetHints":{"allow":["GET"]}}],"collection":[{"href":"https:\/\/themalbechouse.com\/ca\/wp-json\/wp\/v2\/product"}],"about":[{"href":"https:\/\/themalbechouse.com\/ca\/wp-json\/wp\/v2\/types\/product"}],"replies":[{"embeddable":true,"href":"https:\/\/themalbechouse.com\/ca\/wp-json\/wp\/v2\/comments?post=2529"}],"wp:featuredmedia":[{"embeddable":true,"href":"https:\/\/themalbechouse.com\/ca\/wp-json\/wp\/v2\/media\/2537"}],"wp:attachment":[{"href":"https:\/\/themalbechouse.com\/ca\/wp-json\/wp\/v2\/media?parent=2529"}],"wp:term":[{"taxonomy":"product_brand","embeddable":true,"href":"https:\/\/themalbechouse.com\/ca\/wp-json\/wp\/v2\/product_brand?post=2529"},{"taxonomy":"product_cat","embeddable":true,"href":"https:\/\/themalbechouse.com\/ca\/wp-json\/wp\/v2\/product_cat?post=2529"},{"taxonomy":"product_tag","embeddable":true,"href":"https:\/\/themalbechouse.com\/ca\/wp-json\/wp\/v2\/product_tag?post=2529"}],"curies":[{"name":"wp","href":"https:\/\/api.w.org\/{rel}","templated":true}]}}