{"id":803,"date":"2023-11-13T18:17:24","date_gmt":"2023-11-13T17:17:24","guid":{"rendered":"https:\/\/themalbechouse.com\/?post_type=product&#038;p=803"},"modified":"2026-04-17T23:03:27","modified_gmt":"2026-04-17T21:03:27","slug":"tomero-single-vineyard-malbec","status":"publish","type":"product","link":"https:\/\/themalbechouse.com\/ca\/tomero-single-vineyard-malbec\/","title":{"rendered":"Vistalba Tomero Single Vineyard Malbec"},"content":{"rendered":"","protected":false},"excerpt":{"rendered":"<p>El vi \u00e9s ple de sabors de fruita vermella madura amb subtils tocs de regal\u00e8ssia i esp\u00e8cies dolces. T\u00e9 una estructura t\u00e0nnica ferma per\u00f2 suau, un perfil de sabor complex i un final durador.<\/p>","protected":false},"featured_media":1129,"comment_status":"open","ping_status":"closed","template":"","meta":{"_acf_changed":false},"product_brand":[],"product_cat":[125],"product_tag":[],"class_list":{"0":"post-803","1":"product","2":"type-product","3":"status-publish","4":"has-post-thumbnail","6":"product-chance-vinos-cena-especial","7":"product-type-tinto","8":"product-variety-malbec","9":"product-pairing-carnes","10":"product-pairing-cerdo","11":"product-pairing-cordero","12":"product-winery-vistalba","13":"product-state-promocion","14":"product_cat-valle-de-uco","16":"first","17":"instock","18":"sale","19":"taxable","20":"shipping-taxable","21":"purchasable","22":"product-type-simple"},"acf":[],"_links":{"self":[{"href":"https:\/\/themalbechouse.com\/ca\/wp-json\/wp\/v2\/product\/803","targetHints":{"allow":["GET"]}}],"collection":[{"href":"https:\/\/themalbechouse.com\/ca\/wp-json\/wp\/v2\/product"}],"about":[{"href":"https:\/\/themalbechouse.com\/ca\/wp-json\/wp\/v2\/types\/product"}],"replies":[{"embeddable":true,"href":"https:\/\/themalbechouse.com\/ca\/wp-json\/wp\/v2\/comments?post=803"}],"wp:featuredmedia":[{"embeddable":true,"href":"https:\/\/themalbechouse.com\/ca\/wp-json\/wp\/v2\/media\/1129"}],"wp:attachment":[{"href":"https:\/\/themalbechouse.com\/ca\/wp-json\/wp\/v2\/media?parent=803"}],"wp:term":[{"taxonomy":"product_brand","embeddable":true,"href":"https:\/\/themalbechouse.com\/ca\/wp-json\/wp\/v2\/product_brand?post=803"},{"taxonomy":"product_cat","embeddable":true,"href":"https:\/\/themalbechouse.com\/ca\/wp-json\/wp\/v2\/product_cat?post=803"},{"taxonomy":"product_tag","embeddable":true,"href":"https:\/\/themalbechouse.com\/ca\/wp-json\/wp\/v2\/product_tag?post=803"}],"curies":[{"name":"wp","href":"https:\/\/api.w.org\/{rel}","templated":true}]}}