{"id":805,"date":"2023-11-13T18:27:14","date_gmt":"2023-11-13T17:27:14","guid":{"rendered":"https:\/\/themalbechouse.com\/?post_type=product&#038;p=805"},"modified":"2026-02-17T11:16:53","modified_gmt":"2026-02-17T10:16:53","slug":"un-mundo-chiquito-malbec","status":"publish","type":"product","link":"https:\/\/themalbechouse.com\/ca\/un-mundo-chiquito-malbec\/","title":{"rendered":"Un m\u00f3n petit Malbec"},"content":{"rendered":"","protected":false},"excerpt":{"rendered":"<p>Un m\u00f3n petit Malbec \u00e9s un vi jove i fresc amb notes de fruits vermells. L&#039;entrada dol\u00e7a, l&#039;estructura equilibrada i els tanins suaus el converteixen en un vi f\u00e0cil de gaudir.<\/p>","protected":false},"featured_media":1193,"comment_status":"open","ping_status":"closed","template":"","meta":{"_acf_changed":false},"product_brand":[],"product_cat":[42],"product_tag":[],"class_list":{"0":"post-805","1":"product","2":"type-product","3":"status-publish","4":"has-post-thumbnail","6":"product-chance-vinos-para-fiesta","7":"product-type-tinto","8":"product-variety-malbec","9":"product-pairing-argentina","10":"product-pairing-carnes","11":"product-winery-vistalba","12":"product-state-promocion","13":"product_cat-mendoza","15":"first","16":"instock","17":"sale","18":"taxable","19":"shipping-taxable","20":"purchasable","21":"product-type-simple"},"acf":[],"_links":{"self":[{"href":"https:\/\/themalbechouse.com\/ca\/wp-json\/wp\/v2\/product\/805","targetHints":{"allow":["GET"]}}],"collection":[{"href":"https:\/\/themalbechouse.com\/ca\/wp-json\/wp\/v2\/product"}],"about":[{"href":"https:\/\/themalbechouse.com\/ca\/wp-json\/wp\/v2\/types\/product"}],"replies":[{"embeddable":true,"href":"https:\/\/themalbechouse.com\/ca\/wp-json\/wp\/v2\/comments?post=805"}],"wp:featuredmedia":[{"embeddable":true,"href":"https:\/\/themalbechouse.com\/ca\/wp-json\/wp\/v2\/media\/1193"}],"wp:attachment":[{"href":"https:\/\/themalbechouse.com\/ca\/wp-json\/wp\/v2\/media?parent=805"}],"wp:term":[{"taxonomy":"product_brand","embeddable":true,"href":"https:\/\/themalbechouse.com\/ca\/wp-json\/wp\/v2\/product_brand?post=805"},{"taxonomy":"product_cat","embeddable":true,"href":"https:\/\/themalbechouse.com\/ca\/wp-json\/wp\/v2\/product_cat?post=805"},{"taxonomy":"product_tag","embeddable":true,"href":"https:\/\/themalbechouse.com\/ca\/wp-json\/wp\/v2\/product_tag?post=805"}],"curies":[{"name":"wp","href":"https:\/\/api.w.org\/{rel}","templated":true}]}}