{"id":817,"date":"2023-11-13T18:53:51","date_gmt":"2023-11-13T17:53:51","guid":{"rendered":"https:\/\/themalbechouse.com\/?post_type=product&#038;p=817"},"modified":"2026-02-27T15:21:06","modified_gmt":"2026-02-27T14:21:06","slug":"vistalba-corte-b","status":"publish","type":"product","link":"https:\/\/themalbechouse.com\/ca\/vistalba-corte-b\/","title":{"rendered":"Vistalba Tall B"},"content":{"rendered":"","protected":false},"excerpt":{"rendered":"<p>Al nas \u00e9s intens i complex, amb aromes de prunes vermelles madures, orellanes i fruits secs. En boca \u00e9s dol\u00e7, amb una estructura equilibrada i tanins vellutats. El final \u00e9s llarg i persistent.<\/p>","protected":false},"featured_media":1186,"comment_status":"open","ping_status":"closed","template":"","meta":{"_acf_changed":false},"product_brand":[],"product_cat":[126],"product_tag":[533,527,517,483,526],"class_list":{"0":"post-817","1":"product","2":"type-product","3":"status-publish","4":"has-post-thumbnail","6":"product-chance-regalar","7":"product-chance-vinos-cena-especial","8":"product-type-tinto","9":"product-variety-red-blend","10":"product-pairing-carnes","11":"product-pairing-argentina","12":"product-winery-vistalba","13":"product-state-promocion","14":"product_cat-lujan-de-cuyo","15":"product_tag-corte-b","16":"product_tag-lujan-de-cuyo","17":"product_tag-malbec","18":"product_tag-red-blend","19":"product_tag-vistalba","21":"first","22":"instock","23":"taxable","24":"shipping-taxable","25":"purchasable","26":"product-type-simple"},"acf":[],"_links":{"self":[{"href":"https:\/\/themalbechouse.com\/ca\/wp-json\/wp\/v2\/product\/817","targetHints":{"allow":["GET"]}}],"collection":[{"href":"https:\/\/themalbechouse.com\/ca\/wp-json\/wp\/v2\/product"}],"about":[{"href":"https:\/\/themalbechouse.com\/ca\/wp-json\/wp\/v2\/types\/product"}],"replies":[{"embeddable":true,"href":"https:\/\/themalbechouse.com\/ca\/wp-json\/wp\/v2\/comments?post=817"}],"wp:featuredmedia":[{"embeddable":true,"href":"https:\/\/themalbechouse.com\/ca\/wp-json\/wp\/v2\/media\/1186"}],"wp:attachment":[{"href":"https:\/\/themalbechouse.com\/ca\/wp-json\/wp\/v2\/media?parent=817"}],"wp:term":[{"taxonomy":"product_brand","embeddable":true,"href":"https:\/\/themalbechouse.com\/ca\/wp-json\/wp\/v2\/product_brand?post=817"},{"taxonomy":"product_cat","embeddable":true,"href":"https:\/\/themalbechouse.com\/ca\/wp-json\/wp\/v2\/product_cat?post=817"},{"taxonomy":"product_tag","embeddable":true,"href":"https:\/\/themalbechouse.com\/ca\/wp-json\/wp\/v2\/product_tag?post=817"}],"curies":[{"name":"wp","href":"https:\/\/api.w.org\/{rel}","templated":true}]}}